{"id":5692,"date":"2023-06-07T09:29:35","date_gmt":"2023-06-07T09:29:35","guid":{"rendered":"https:\/\/arcos.se\/?page_id=5692"},"modified":"2023-06-07T12:59:25","modified_gmt":"2023-06-07T12:59:25","slug":"alihankkijoiden-kayttaytymisohjeet","status":"publish","type":"page","link":"https:\/\/arcos.se\/fi\/alihankkijoiden-kayttaytymisohjeet\/","title":{"rendered":"Arcos Hydraulikin alihankkijoiden k\u00e4ytt\u00e4ytymisohjeet ver. 1 2023-05-29"},"content":{"rendered":"<p>[et_pb_section fb_built=&#8221;1&#8243; _builder_version=&#8221;4.21.0&#8243; _module_preset=&#8221;default&#8221; global_colors_info=&#8221;{}&#8221;][\/et_pb_section][et_pb_section fb_built=&#8221;1&#8243; _builder_version=&#8221;4.21.0&#8243; _module_preset=&#8221;default&#8221; global_colors_info=&#8221;{}&#8221;][et_pb_row _builder_version=&#8221;4.21.0&#8243; _module_preset=&#8221;default&#8221; global_colors_info=&#8221;{}&#8221;][et_pb_column type=&#8221;4_4&#8243; _builder_version=&#8221;4.21.0&#8243; _module_preset=&#8221;default&#8221; global_colors_info=&#8221;{}&#8221;][et_pb_text _builder_version=&#8221;4.21.0&#8243; _module_preset=&#8221;default&#8221; text_font=&#8221;|300|||||||&#8221; text_font_size=&#8221;16px&#8221; hover_enabled=&#8221;0&#8243; global_colors_info=&#8221;{}&#8221; sticky_enabled=&#8221;0&#8243;]<\/p>\n<h3 class=\"p1\"><b>Arcos Hydraulikin alihankkijoiden k\u00e4ytt\u00e4ytymisohjeet<\/b><\/h3>\n<p>&nbsp;<\/p>\n<h4 class=\"p1\"><b>Johdanto<\/b><\/h4>\n<p class=\"p2\">N\u00e4m\u00e4 k\u00e4ytt\u00e4ytymisohjeet sis\u00e4lt\u00e4v\u00e4t yhteenvedon niist\u00e4 s\u00e4\u00e4nn\u00f6ist\u00e4 ja arvoista, joiden mukaisesti kaikkien Arcos Hydraulikilla ty\u00f6skentelevien on toimittava. Niiden tarkoituksena on luoda luottamusta ja hyvi\u00e4 suhteita kollegoihin, asiakkaisiin, liiketoimintakumppaneihin ja meit\u00e4 ymp\u00e4r\u00f6iv\u00e4\u00e4n maailmaan. Arcos Hydraulik tavoittelee korkeinta mahdollista tasoa eettisess\u00e4 k\u00e4ytt\u00e4ytymisess\u00e4\u00e4n, ja n\u00e4m\u00e4 ohjeet ovat ohjenuora kaikissa yhteisty\u00f6h\u00f6mme liittyviss\u00e4 tilanteissa. Odotamme tavarantoimittajien esiintyv\u00e4n ja edustavan yrityst\u00e4\u00e4n parhaalla mahdollisella tavalla mit\u00e4 tulee ammattimaisuuteen, liiketoiminnallisuuteen ja luottamukseen ymp\u00e4rist\u00f6\u00e4 kohti, ja ett\u00e4 h\u00e4n noudattaa korkeita eettisi\u00e4 vaatimuksia ammattiaan harjoittaessaan.<\/p>\n<p class=\"p2\">On my\u00f6s t\u00e4rke\u00e4\u00e4, ett\u00e4 tavarantoimittajan ty\u00f6ntekij\u00e4t viihtyv\u00e4t ja ett\u00e4 heill\u00e4 on hyv\u00e4 ty\u00f6ilmapiiri. Kaiken ty\u00f6ntekij\u00f6iden v\u00e4lisen kanssak\u00e4ymisen on tapahduttava kunnioittavasti, vastuuntuntoisesti ja toiset huomioon ottaen.<\/p>\n<p class=\"p2\">T\u00e4m\u00e4 asiakirja on luettava ja on varmistettava, ett\u00e4 jokainen t\u00e4rke\u00e4 tavarantoimittaja noudattaa sit\u00e4. Asiakirjan allekirjoittaa toimitusjohtaja tai joku muu yrityksen vastuuhenkil\u00f6ist\u00e4. Uusi tarkistus ja allekirjoitus tehd\u00e4\u00e4n viiden vuoden v\u00e4lein.<\/p>\n<p class=\"p3\">\n<h4 class=\"p1\"><b>Perusarvomme<\/b><\/h4>\n<h4 class=\"p2\"><b>Vastuu<\/b><\/h4>\n<p class=\"p2\">Tavarantoimittajan vastuu tarkoittaa sit\u00e4, ett\u00e4 me yhdess\u00e4 toimimme aina kunnioittavalla ja turvallisella itse\u00e4mme, toisiamme ja asiakkaitamme kohtaan. Tavarantoimittaja ei koskaan tingi laadusta ja kantaa vastuun toimitusvarmuudesta ja siit\u00e4, ett\u00e4 yhteiset p\u00e4\u00e4t\u00f6ksemme ovat kest\u00e4vi\u00e4 my\u00f6s pitk\u00e4ll\u00e4 aikav\u00e4lill\u00e4.<\/p>\n<p class=\"p4\"><b><\/b><\/p>\n<h4 class=\"p2\"><b>Selkeys<\/b><\/h4>\n<p class=\"p2\">Rakennamme luottamusta ja h\u00e4lvenn\u00e4mme ep\u00e4varmuutta avoimen ja rehdin vuoropuhelun avulla.<\/p>\n<p class=\"p4\"><b><\/b><\/p>\n<h4 class=\"p2\"><b>Yhteisty\u00f6<\/b><\/h4>\n<p class=\"p2\">Uteliaan ja tutkivan asenteemme ansiosta tuemme ja autamme toisiamme ja muita. Olemme kaikki sitoutuneita ja osallistuvia, mik\u00e4 edist\u00e4\u00e4 menestykseen inspiroivaa yhteisty\u00f6t\u00e4.<\/p>\n<p class=\"p4\"><b><\/b><\/p>\n<h4 class=\"p2\"><b>Luottamus<\/b><\/h4>\n<p class=\"p2\">Ty\u00f6skentelemme maanl\u00e4heisell\u00e4 ja rehellisell\u00e4 tavalla ja olemme aina l\u00e4hell\u00e4 kehitt\u00e4\u00e4ksemme sopeutettuja ja kustannustehokkaita ratkaisuja. Pyrimme aina ylitt\u00e4m\u00e4\u00e4n odotukset kehitt\u00e4m\u00e4ll\u00e4 itse\u00e4mme ja tuotteitamme ennakoivasti.<\/p>\n<p class=\"p5\"><span class=\"Apple-tab-span\"> <\/span><\/p>\n<h4 class=\"p1\"><b>Lait, s\u00e4\u00e4d\u00f6kset ja s\u00e4\u00e4nn\u00f6t<\/b><\/h4>\n<p class=\"p2\">Kaikkien tavarantoimittajien ja heid\u00e4n ty\u00f6ntekij\u00f6idens\u00e4 on noudatettava toimintamaidensa toimialoja koskevia lakeja, normeja ja s\u00e4\u00e4d\u00f6ksi\u00e4. T\u00e4m\u00e4 koskee sek\u00e4 heid\u00e4n tuotantoaan ett\u00e4 heid\u00e4n tapaansa kohdella ty\u00f6ntekij\u00f6it\u00e4\u00e4n ja miten he hoitavat kirjanpitonsa, tilinp\u00e4\u00e4t\u00f6ksens\u00e4 ja veronsa.<\/p>\n<p class=\"p3\">\n<h4 class=\"p1\"><b>Ihmisoikeudet<\/b><\/h4>\n<p class=\"p2\">Tavarantoimittajan on tuettava ja kunnioitettava YK:n ihmisoikeusjulistusta ja hyv\u00e4ksy\u00e4 vastuunsa yll\u00e4pit\u00e4\u00e4 toiminnassaan ty\u00f6ntekij\u00f6iden ja yhteiskunnan oikeuksia.<\/p>\n<p class=\"p2\">Tavarantoimittaja ei k\u00e4y kauppaa mink\u00e4\u00e4n sellaisen maan, yrityksen tai yksitt\u00e4isen henkil\u00f6n kanssa, jolle YK tai EU on m\u00e4\u00e4r\u00e4nnyt pakotteita sek\u00e4 seurata s\u00e4\u00e4nn\u00f6llisesti kaikkea n\u00e4iden l\u00e4hteiden julkaisemaa tietoa ollakseen varma siit\u00e4, ett\u00e4 he toimivat niiden mukaisesti.<\/p>\n<p class=\"p6\"><b><\/b><\/p>\n<h4 class=\"p1\"><b>Lapsity\u00f6voima<\/b><\/h4>\n<p class=\"p2\">Tavarantoimittaja ei saa hyv\u00e4ksy\u00e4 pakko- tai lapsity\u00f6t\u00e4 ja h\u00e4nen on tuettava YK:n lapsen oikeuksien sopimusta (Lapsisopimus). Tavarantoimittajan on varmistettava, ett\u00e4 h\u00e4nen myym\u00e4ns\u00e4 tuotteet eiv\u00e4t tule lapsity\u00f6voimaa k\u00e4ytt\u00e4vilt\u00e4 yrityksilt\u00e4.<\/p>\n<p class=\"p3\">\n<h4 class=\"p1\"><b>Ammattiyhdistykset<\/b><\/h4>\n<p class=\"p2\">Tavarantoimittajan on kunnioitettava ty\u00f6ntekij\u00f6iden oikeutta perustaa ammattiyhdistyksi\u00e4 ja liittym\u00e4\u00e4n itse toivomiinsa yhdistyksiin sek\u00e4 neuvottelemaan kollektiivisesti.<\/p>\n<p class=\"p3\">\n<h4 class=\"p1\"><b>Etiikka ja moraali<\/b><\/h4>\n<p class=\"p7\">Tavarantoimittajan on yll\u00e4pidett\u00e4v\u00e4 kaikissa liiketoimintasuhteissamme aina korkeaa rehellisyytt\u00e4 ja moraalia. Terveen liiketoimintakulttuurin ja oikeudenmukaisen kilpailun tulee olla kaikkien toimien olennainen osa.<\/p>\n<p class=\"p7\">Tavarantoimittajan on noudatettava sovellettavissa olevia kilpailulakeja, joiden tarkoituksena on est\u00e4\u00e4 kilpailua v\u00e4lttelev\u00e4t sopimukset.<\/p>\n<p class=\"p7\">Tavarantoimittajaa ei pid\u00e4 koskaan voida yhdist\u00e4\u00e4 korruptioon, kiristykseen, petoksiin tai lahjuksiin, emmek\u00e4 suvaitse asiakkaille, viranomaisten edustajille tai kolmansille osapuolille suoraan tai ep\u00e4suoraan maksettuja maksuja, jotka ovat virheellisi\u00e4 tai liittyv\u00e4t korruptioon.<\/p>\n<p class=\"p7\">Tavarantoimittajan on my\u00f6s yll\u00e4pidett\u00e4v\u00e4 luottamuksellisuutta ja varmistettava, ett\u00e4 kukaan asiaankuulumaton henkil\u00f6 tai mik\u00e4\u00e4n yritys ei saa haltuunsa luottamuksellisia tietoja.<\/p>\n<p class=\"p7\">Tavarantoimittajan on toimittava eettisesti puolustettavalla tavalla.<\/p>\n<p class=\"p7\">Kukaan ty\u00f6ntekij\u00e4 ei saa tarjota, ottaa vastaan tai kannustaa sellaisiin lahjoihin tai muihin etuihin, jotka voisivat vaikuttaa, tai joiden voisi ymm\u00e4rt\u00e4\u00e4 vaikuttavan, liiketoiminnallisten p\u00e4\u00e4t\u00f6stemme objektiivisuuteen.<\/p>\n<p class=\"p7\">Ty\u00f6ntekij\u00e4mme saavat antaa tai ottaa vastaan vain sellaisia lahjoja, aterioita jne, jotka ovat voimassa olevien lakien ja s\u00e4\u00e4d\u00f6sten sek\u00e4 paikallisen liiketoiminnan mukaisesti selke\u00e4sti hyv\u00e4ksyttyj\u00e4.<\/p>\n<p class=\"p3\">\n<h4 class=\"p1\"><b>Ty\u00f6ymp\u00e4rist\u00f6<\/b><\/h4>\n<p class=\"p2\">Tavarantoimittajan on pyritt\u00e4v\u00e4 luomaan ty\u00f6ntekij\u00f6it\u00e4 tukeva ty\u00f6ymp\u00e4rist\u00f6, jonka ydinarvoja ovat vastuullisuus, selkeys, yhteisty\u00f6 ja luottamus.<\/p>\n<p class=\"p2\">Tavarantoimittajan on noudatettava terveys- ja turvallisuuslakeja, ja kaikkien ty\u00f6ntekij\u00f6iden odotetaan kantavan vastuunsa siit\u00e4, ett\u00e4 ty\u00f6paikat ovat turvallisia heille ja heid\u00e4n ty\u00f6tovereilleen.<\/p>\n<p class=\"p2\">Tavarantoimittajan on estett\u00e4v\u00e4 ja torjuttava onnettomuuksia yll\u00e4pit\u00e4m\u00e4ll\u00e4 turvallista ty\u00f6ymp\u00e4rist\u00f6\u00e4 selkeiden, j\u00e4sennettyjen ja dokumentoitujen rutiinien avulla.<\/p>\n<p class=\"p2\">Tavarantoimittajan on seurattava kaikkien haittatapahtumien, l\u00e4helt\u00e4-piti-tilanteiden ja onnettomuuksien jatkok\u00e4sittely\u00e4.<\/p>\n<p class=\"p2\">Tavarantoimittajan on kunnioitettava sit\u00e4, ett\u00e4 kaikilla ty\u00f6ntekij\u00f6ill\u00e4 on tarve terveest\u00e4 ty\u00f6n ja vapaa-ajan v\u00e4lisest\u00e4 tasapainosta.<\/p>\n<p class=\"p3\">\n<h4 class=\"p1\"><b>Tasa-arvo, moninaisuus ja syrjint\u00e4<\/b><\/h4>\n<p class=\"p2\">Tavarantoimittajan on arvostettava moninaisuutta ja muiden ihmisten, ty\u00f6ntekij\u00f6idemme ja liiketoimintakumppaniemme tasavertaista kohtelua. Tavarantoimittaja ei saa hyv\u00e4ksy\u00e4 syrjint\u00e4\u00e4 eik\u00e4 h\u00e4irint\u00e4\u00e4 sukupuolen, sukupuolisen identiteetin tai sukupuolen ilmaisun, etnisen taustan, uskonnon tai muun uskonnollisuuden, toimintaesteen, seksuaalisen suuntautumisen tai i\u00e4n perusteella. Ket\u00e4\u00e4n ei saa h\u00e4irit\u00e4 h\u00e4nen poliittisten mielipiteidens\u00e4 vuoksi.<\/p>\n<p class=\"p3\">\n<h4 class=\"p1\"><b>Palkat ja korvaukset<\/b><\/h4>\n<p class=\"p2\">Tavarantoimittajan on varmistettava, ett\u00e4 palkat ja korvaukset ovat v\u00e4hint\u00e4\u00e4n toimintamaidemme lakis\u00e4\u00e4teisell\u00e4 ja\/tai n\u00e4iden maiden toimialan standardien mukaisella tasolla tai sit\u00e4 korkeampia.<\/p>\n<p class=\"p3\">\n<h4 class=\"p1\"><b>Ymp\u00e4rist\u00f6vaikutukset<\/b><\/h4>\n<p class=\"p7\">Tavarantoimittajan on jaettava tietoa ymp\u00e4rist\u00f6ty\u00f6st\u00e4\u00e4n ty\u00f6ntekij\u00f6illeen ja muille sidosryhmille avoimesti ja asiallisesti. Tavarantoimittajan on ty\u00f6skennelt\u00e4v\u00e4 aktiivisesti ja jatkuvasti v\u00e4hent\u00e4\u00e4kseen yrityksens\u00e4 suoraa ja ep\u00e4suoraa ymp\u00e4rist\u00f6vaikutusta.<\/p>\n<p class=\"p2\">Tavarantoimittajien on siksi tunnettava kansallisen lains\u00e4\u00e4d\u00e4nn\u00f6n, s\u00e4\u00e4d\u00f6sten ja toimialan standardien vaatimukset ja noudatettava niit\u00e4. T\u00e4m\u00e4 sis\u00e4lt\u00e4\u00e4 sen, ett\u00e4 he tuntevat ja hallinnoivat ymp\u00e4rist\u00f6vaikutustaan ja suorittavat toiminnassaan jatkuvasti ymp\u00e4rist\u00f6\u00e4 parantavia toimenpiteit\u00e4. Tavarantoimittajan on pyritt\u00e4v\u00e4 jokaisen investoinnin yhteydess\u00e4 valitsemaan ymp\u00e4rist\u00f6n kannalta parhaan tekniikan, joka on taloudellisesti puolustettavissa.<\/p>\n<p class=\"p6\"><b><\/b><\/p>\n<h4 class=\"p1\"><b>Vaatimustenmukaisuus<\/b><\/h4>\n<p class=\"p2\">N\u00e4m\u00e4 k\u00e4ytt\u00e4ytymisohjeet koskevat koskee kaikkia Arcos Hydraulikin tavarantoimittajia. Odotamme, ett\u00e4 kaikilla on p\u00e4\u00e4sy ohjeisiin ja ett\u00e4 he noudattavat niit\u00e4. Kaikilla tavarantoimittajilla on my\u00f6s yksil\u00f6llinen vastuu lukea n\u00e4m\u00e4 k\u00e4ytt\u00e4ytymisohjeet ja noudattaa niit\u00e4.<\/p>\n<p class=\"p3\">\n<h4 class=\"p1\"><b>Rikkomusten raportointi<\/b><\/h4>\n<p class=\"p7\">Tavarantoimittajan on teht\u00e4v\u00e4 h\u00e4lytys, jos h\u00e4n ep\u00e4ilee jonkin toiminnan rikkovan k\u00e4ytt\u00e4ytymisohjeita tai lains\u00e4\u00e4d\u00e4nt\u00f6\u00e4.<\/p>\n<p class=\"p7\">Emme hyv\u00e4ksy mit\u00e4\u00e4n kostotoimia siit\u00e4 syyst\u00e4, ett\u00e4 ty\u00f6ntekij\u00e4 tai joku muu tavarantoimittajan ty\u00f6paikalla oleva henkil\u00f6 raportoi ep\u00e4ilem\u00e4st\u00e4\u00e4n v\u00e4\u00e4rink\u00e4yt\u00f6ksest\u00e4 tai todellista teoista, jotka ovat n\u00e4iden k\u00e4ytt\u00e4ytymisohjeiden vastaisia.<\/p>\n<p class=\"p2\">Jos tavarantoimittaja ei toimi k\u00e4ytt\u00e4ytymisohjeiden mukaisesti, h\u00e4neen kohdistetaan korjaavia toimenpiteit\u00e4. Jos liiketoimintakumppani rikkoo k\u00e4ytt\u00e4ytymisohjeita toistuvasti tai vakavalla tavalla, yhteisty\u00f6 h\u00e4nen kanssaan lopetetaan.<\/p>\n<p class=\"p3\">\n<h4 class=\"p1\"><b>Vahvistaminen ja p\u00e4ivitykset <\/b><\/h4>\n<p class=\"p2\">Yrityksen johto m\u00e4\u00e4rittelee n\u00e4m\u00e4 k\u00e4ytt\u00e4ytymisohjeet vuosittain liiketoiminnan suunnittelukokouksessaan.<\/p>\n<p>[\/et_pb_text][\/et_pb_column][\/et_pb_row][\/et_pb_section]<\/p>\n","protected":false},"excerpt":{"rendered":"<p>Arcos Hydraulikin alihankkijoiden k\u00e4ytt\u00e4ytymisohjeet &nbsp; Johdanto N\u00e4m\u00e4 k\u00e4ytt\u00e4ytymisohjeet sis\u00e4lt\u00e4v\u00e4t yhteenvedon niist\u00e4 s\u00e4\u00e4nn\u00f6ist\u00e4 ja arvoista, joiden mukaisesti kaikkien Arcos Hydraulikilla ty\u00f6skentelevien on toimittava. Niiden tarkoituksena on luoda luottamusta ja hyvi\u00e4 suhteita kollegoihin, asiakkaisiin, liiketoimintakumppaneihin ja meit\u00e4 ymp\u00e4r\u00f6iv\u00e4\u00e4n maailmaan. Arcos Hydraulik tavoittelee korkeinta mahdollista tasoa eettisess\u00e4 k\u00e4ytt\u00e4ytymisess\u00e4\u00e4n, ja n\u00e4m\u00e4 ohjeet ovat ohjenuora kaikissa yhteisty\u00f6h\u00f6mme liittyviss\u00e4 tilanteissa. Odotamme [&hellip;]<\/p>\n","protected":false},"author":7,"featured_media":0,"parent":0,"menu_order":0,"comment_status":"closed","ping_status":"closed","template":"","meta":{"_et_pb_use_builder":"on","_et_pb_old_content":"","_et_gb_content_width":"","footnotes":""},"class_list":["post-5692","page","type-page","status-publish","hentry"],"yoast_head":"<!-- This site is optimized with the Yoast SEO plugin v27.2 - https:\/\/yoast.com\/product\/yoast-seo-wordpress\/ -->\n<title>Arcos Hydraulikin alihankkijoiden k\u00e4ytt\u00e4ytymisohjeet ver. 1 2023-05-29 - ARCOS<\/title>\n<meta name=\"robots\" content=\"index, follow, max-snippet:-1, max-image-preview:large, max-video-preview:-1\" \/>\n<link rel=\"canonical\" href=\"https:\/\/arcos.se\/fi\/alihankkijoiden-kayttaytymisohjeet\/\" \/>\n<meta property=\"og:locale\" content=\"fi_FI\" \/>\n<meta property=\"og:type\" content=\"article\" \/>\n<meta property=\"og:title\" content=\"Arcos Hydraulikin alihankkijoiden k\u00e4ytt\u00e4ytymisohjeet ver. 1 2023-05-29 - ARCOS\" \/>\n<meta property=\"og:description\" content=\"Arcos Hydraulikin alihankkijoiden k\u00e4ytt\u00e4ytymisohjeet &nbsp; Johdanto N\u00e4m\u00e4 k\u00e4ytt\u00e4ytymisohjeet sis\u00e4lt\u00e4v\u00e4t yhteenvedon niist\u00e4 s\u00e4\u00e4nn\u00f6ist\u00e4 ja arvoista, joiden mukaisesti kaikkien Arcos Hydraulikilla ty\u00f6skentelevien on toimittava. Niiden tarkoituksena on luoda luottamusta ja hyvi\u00e4 suhteita kollegoihin, asiakkaisiin, liiketoimintakumppaneihin ja meit\u00e4 ymp\u00e4r\u00f6iv\u00e4\u00e4n maailmaan. Arcos Hydraulik tavoittelee korkeinta mahdollista tasoa eettisess\u00e4 k\u00e4ytt\u00e4ytymisess\u00e4\u00e4n, ja n\u00e4m\u00e4 ohjeet ovat ohjenuora kaikissa yhteisty\u00f6h\u00f6mme liittyviss\u00e4 tilanteissa. Odotamme [&hellip;]\" \/>\n<meta property=\"og:url\" content=\"https:\/\/arcos.se\/fi\/alihankkijoiden-kayttaytymisohjeet\/\" \/>\n<meta property=\"og:site_name\" content=\"ARCOS\" \/>\n<meta property=\"article:modified_time\" content=\"2023-06-07T12:59:25+00:00\" \/>\n<meta name=\"twitter:card\" content=\"summary_large_image\" \/>\n<script type=\"application\/ld+json\" class=\"yoast-schema-graph\">{\"@context\":\"https:\/\/schema.org\",\"@graph\":[{\"@type\":\"WebPage\",\"@id\":\"https:\/\/arcos.se\/fi\/alihankkijoiden-kayttaytymisohjeet\/\",\"url\":\"https:\/\/arcos.se\/fi\/alihankkijoiden-kayttaytymisohjeet\/\",\"name\":\"Arcos Hydraulikin alihankkijoiden k\u00e4ytt\u00e4ytymisohjeet ver. 1 2023-05-29 - ARCOS\",\"isPartOf\":{\"@id\":\"https:\/\/arcos.se\/fi\/#website\"},\"datePublished\":\"2023-06-07T09:29:35+00:00\",\"dateModified\":\"2023-06-07T12:59:25+00:00\",\"breadcrumb\":{\"@id\":\"https:\/\/arcos.se\/fi\/alihankkijoiden-kayttaytymisohjeet\/#breadcrumb\"},\"inLanguage\":\"fi\",\"potentialAction\":[{\"@type\":\"ReadAction\",\"target\":[\"https:\/\/arcos.se\/fi\/alihankkijoiden-kayttaytymisohjeet\/\"]}]},{\"@type\":\"BreadcrumbList\",\"@id\":\"https:\/\/arcos.se\/fi\/alihankkijoiden-kayttaytymisohjeet\/#breadcrumb\",\"itemListElement\":[{\"@type\":\"ListItem\",\"position\":1,\"name\":\"Hem\",\"item\":\"https:\/\/arcos.se\/fi\/\"},{\"@type\":\"ListItem\",\"position\":2,\"name\":\"Arcos Hydraulikin alihankkijoiden k\u00e4ytt\u00e4ytymisohjeet ver. 1 2023-05-29\"}]},{\"@type\":\"WebSite\",\"@id\":\"https:\/\/arcos.se\/fi\/#website\",\"url\":\"https:\/\/arcos.se\/fi\/\",\"name\":\"ARCOS\",\"description\":\"HYDRAULIC POWER \u2013 AT YOUR SERVICE\",\"publisher\":{\"@id\":\"https:\/\/arcos.se\/fi\/#organization\"},\"potentialAction\":[{\"@type\":\"SearchAction\",\"target\":{\"@type\":\"EntryPoint\",\"urlTemplate\":\"https:\/\/arcos.se\/fi\/?s={search_term_string}\"},\"query-input\":{\"@type\":\"PropertyValueSpecification\",\"valueRequired\":true,\"valueName\":\"search_term_string\"}}],\"inLanguage\":\"fi\"},{\"@type\":\"Organization\",\"@id\":\"https:\/\/arcos.se\/fi\/#organization\",\"name\":\"ARCOS\",\"url\":\"https:\/\/arcos.se\/fi\/\",\"logo\":{\"@type\":\"ImageObject\",\"inLanguage\":\"fi\",\"@id\":\"https:\/\/arcos.se\/fi\/#\/schema\/logo\/image\/\",\"url\":\"https:\/\/arcos.se\/wp-content\/uploads\/2021\/12\/Arcos-Original-1.png\",\"contentUrl\":\"https:\/\/arcos.se\/wp-content\/uploads\/2021\/12\/Arcos-Original-1.png\",\"width\":842,\"height\":391,\"caption\":\"ARCOS\"},\"image\":{\"@id\":\"https:\/\/arcos.se\/fi\/#\/schema\/logo\/image\/\"},\"sameAs\":[\"https:\/\/www.linkedin.com\/company\/arcos-hydraulik-ab\/\"]}]}<\/script>\n<!-- \/ Yoast SEO plugin. -->","yoast_head_json":{"title":"Arcos Hydraulikin alihankkijoiden k\u00e4ytt\u00e4ytymisohjeet ver. 1 2023-05-29 - ARCOS","robots":{"index":"index","follow":"follow","max-snippet":"max-snippet:-1","max-image-preview":"max-image-preview:large","max-video-preview":"max-video-preview:-1"},"canonical":"https:\/\/arcos.se\/fi\/alihankkijoiden-kayttaytymisohjeet\/","og_locale":"fi_FI","og_type":"article","og_title":"Arcos Hydraulikin alihankkijoiden k\u00e4ytt\u00e4ytymisohjeet ver. 1 2023-05-29 - ARCOS","og_description":"Arcos Hydraulikin alihankkijoiden k\u00e4ytt\u00e4ytymisohjeet &nbsp; Johdanto N\u00e4m\u00e4 k\u00e4ytt\u00e4ytymisohjeet sis\u00e4lt\u00e4v\u00e4t yhteenvedon niist\u00e4 s\u00e4\u00e4nn\u00f6ist\u00e4 ja arvoista, joiden mukaisesti kaikkien Arcos Hydraulikilla ty\u00f6skentelevien on toimittava. Niiden tarkoituksena on luoda luottamusta ja hyvi\u00e4 suhteita kollegoihin, asiakkaisiin, liiketoimintakumppaneihin ja meit\u00e4 ymp\u00e4r\u00f6iv\u00e4\u00e4n maailmaan. Arcos Hydraulik tavoittelee korkeinta mahdollista tasoa eettisess\u00e4 k\u00e4ytt\u00e4ytymisess\u00e4\u00e4n, ja n\u00e4m\u00e4 ohjeet ovat ohjenuora kaikissa yhteisty\u00f6h\u00f6mme liittyviss\u00e4 tilanteissa. Odotamme [&hellip;]","og_url":"https:\/\/arcos.se\/fi\/alihankkijoiden-kayttaytymisohjeet\/","og_site_name":"ARCOS","article_modified_time":"2023-06-07T12:59:25+00:00","twitter_card":"summary_large_image","schema":{"@context":"https:\/\/schema.org","@graph":[{"@type":"WebPage","@id":"https:\/\/arcos.se\/fi\/alihankkijoiden-kayttaytymisohjeet\/","url":"https:\/\/arcos.se\/fi\/alihankkijoiden-kayttaytymisohjeet\/","name":"Arcos Hydraulikin alihankkijoiden k\u00e4ytt\u00e4ytymisohjeet ver. 1 2023-05-29 - ARCOS","isPartOf":{"@id":"https:\/\/arcos.se\/fi\/#website"},"datePublished":"2023-06-07T09:29:35+00:00","dateModified":"2023-06-07T12:59:25+00:00","breadcrumb":{"@id":"https:\/\/arcos.se\/fi\/alihankkijoiden-kayttaytymisohjeet\/#breadcrumb"},"inLanguage":"fi","potentialAction":[{"@type":"ReadAction","target":["https:\/\/arcos.se\/fi\/alihankkijoiden-kayttaytymisohjeet\/"]}]},{"@type":"BreadcrumbList","@id":"https:\/\/arcos.se\/fi\/alihankkijoiden-kayttaytymisohjeet\/#breadcrumb","itemListElement":[{"@type":"ListItem","position":1,"name":"Hem","item":"https:\/\/arcos.se\/fi\/"},{"@type":"ListItem","position":2,"name":"Arcos Hydraulikin alihankkijoiden k\u00e4ytt\u00e4ytymisohjeet ver. 1 2023-05-29"}]},{"@type":"WebSite","@id":"https:\/\/arcos.se\/fi\/#website","url":"https:\/\/arcos.se\/fi\/","name":"ARCOS","description":"HYDRAULIC POWER \u2013 AT YOUR SERVICE","publisher":{"@id":"https:\/\/arcos.se\/fi\/#organization"},"potentialAction":[{"@type":"SearchAction","target":{"@type":"EntryPoint","urlTemplate":"https:\/\/arcos.se\/fi\/?s={search_term_string}"},"query-input":{"@type":"PropertyValueSpecification","valueRequired":true,"valueName":"search_term_string"}}],"inLanguage":"fi"},{"@type":"Organization","@id":"https:\/\/arcos.se\/fi\/#organization","name":"ARCOS","url":"https:\/\/arcos.se\/fi\/","logo":{"@type":"ImageObject","inLanguage":"fi","@id":"https:\/\/arcos.se\/fi\/#\/schema\/logo\/image\/","url":"https:\/\/arcos.se\/wp-content\/uploads\/2021\/12\/Arcos-Original-1.png","contentUrl":"https:\/\/arcos.se\/wp-content\/uploads\/2021\/12\/Arcos-Original-1.png","width":842,"height":391,"caption":"ARCOS"},"image":{"@id":"https:\/\/arcos.se\/fi\/#\/schema\/logo\/image\/"},"sameAs":["https:\/\/www.linkedin.com\/company\/arcos-hydraulik-ab\/"]}]}},"_links":{"self":[{"href":"https:\/\/arcos.se\/fi\/wp-json\/wp\/v2\/pages\/5692","targetHints":{"allow":["GET"]}}],"collection":[{"href":"https:\/\/arcos.se\/fi\/wp-json\/wp\/v2\/pages"}],"about":[{"href":"https:\/\/arcos.se\/fi\/wp-json\/wp\/v2\/types\/page"}],"author":[{"embeddable":true,"href":"https:\/\/arcos.se\/fi\/wp-json\/wp\/v2\/users\/7"}],"replies":[{"embeddable":true,"href":"https:\/\/arcos.se\/fi\/wp-json\/wp\/v2\/comments?post=5692"}],"version-history":[{"count":3,"href":"https:\/\/arcos.se\/fi\/wp-json\/wp\/v2\/pages\/5692\/revisions"}],"predecessor-version":[{"id":5715,"href":"https:\/\/arcos.se\/fi\/wp-json\/wp\/v2\/pages\/5692\/revisions\/5715"}],"wp:attachment":[{"href":"https:\/\/arcos.se\/fi\/wp-json\/wp\/v2\/media?parent=5692"}],"curies":[{"name":"wp","href":"https:\/\/api.w.org\/{rel}","templated":true}]}}