{"id":5630,"date":"2023-04-28T12:26:43","date_gmt":"2023-04-28T12:26:43","guid":{"rendered":"https:\/\/arcos.se\/?page_id=5630"},"modified":"2023-04-28T12:53:30","modified_gmt":"2023-04-28T12:53:30","slug":"evasteiden-hallinta","status":"publish","type":"page","link":"https:\/\/arcos.se\/fi\/evasteiden-hallinta\/","title":{"rendered":"Ev\u00e4steiden hallinta"},"content":{"rendered":"<p>[et_pb_section fb_built=&#8221;1&#8243; _builder_version=&#8221;4.21.0&#8243; _module_preset=&#8221;default&#8221; global_colors_info=&#8221;{}&#8221;][\/et_pb_section][et_pb_section fb_built=&#8221;1&#8243; _builder_version=&#8221;4.21.0&#8243; _module_preset=&#8221;default&#8221; global_colors_info=&#8221;{}&#8221;][et_pb_row _builder_version=&#8221;4.21.0&#8243; _module_preset=&#8221;default&#8221;][et_pb_column _builder_version=&#8221;4.21.0&#8243; _module_preset=&#8221;default&#8221; type=&#8221;4_4&#8243;][et_pb_text _builder_version=&#8221;4.21.0&#8243; _module_preset=&#8221;default&#8221; text_font=&#8221;|300|||||||&#8221; text_font_size=&#8221;16px&#8221; hover_enabled=&#8221;0&#8243; sticky_enabled=&#8221;0&#8243;]<\/p>\n<h3 class=\"p1\"><span class=\"s1\"><b>Ev\u00e4steiden<\/b><\/span><b> hallinta<\/b><b><\/b><\/h3>\n<p class=\"p3\">Verkkosivustomme k\u00e4ytt\u00e4\u00e4 niin kutsuttuja ev\u00e4steit\u00e4. Ev\u00e4ste on pieni tekstitiedosto, joka tallennetaan selaimeesi. N\u00e4m\u00e4 tiedot ovat nimett\u00f6mi\u00e4, eik\u00e4 niit\u00e4 voida yhdist\u00e4\u00e4 sinuun yksil\u00f6n\u00e4. Ev\u00e4steit\u00e4 on kahdenlaisia, pysyvi\u00e4 ja tilap\u00e4isi\u00e4 (istuntoev\u00e4steet). Pysyv\u00e4t ev\u00e4steet tallennetaan tiedostona tietokoneellesi tai matkapuhelimeesi tietyksi ajaksi, kunnes sin\u00e4 tai ev\u00e4steet l\u00e4hett\u00e4nyt palvelin poistaa ne (meid\u00e4n ev\u00e4steemme poistetaan 365 p\u00e4iv\u00e4n kuluttua). Istuntoev\u00e4steet tallennetaan v\u00e4liaikaisesti, ja ne h\u00e4vi\u00e4v\u00e4t, kun suljet selaimesi.<\/p>\n<p class=\"p3\">\n<h4 class=\"p5\"><b>N\u00e4in k\u00e4yt\u00e4mme<\/b><span class=\"s1\"><b> ev\u00e4steit\u00e4<\/b><\/span><\/h4>\n<p class=\"p6\">Jotkin ev\u00e4steet ovat v\u00e4ltt\u00e4m\u00e4tt\u00f6mi\u00e4 verkkosivustomme sis\u00e4ll\u00f6n n\u00e4ytt\u00e4miseksi, ja jos est\u00e4t ne, et voi hy\u00f6dynt\u00e4\u00e4 verkkosivustomme kaikkia toimintoja. N\u00e4m\u00e4 ev\u00e4steet eiv\u00e4t tallenna mit\u00e4\u00e4n tietoja, joista sinut voitaisiin tunnistaa yksil\u00f6n\u00e4. Joitain ev\u00e4steist\u00e4 k\u00e4ytet\u00e4\u00e4n parantamaan k\u00e4ytt\u00f6kokemustasi, kun vierailet verkkosivustollamme.<\/p>\n<p class=\"p6\">K\u00e4yt\u00e4mme yhteydenvalvontaev\u00e4steit\u00e4, joiden tarkoituksena on todentaa k\u00e4ytt\u00e4j\u00e4 verkkosivustolla k\u00e4ynnin aikana. T\u00e4llainen ev\u00e4ste sis\u00e4lt\u00e4\u00e4 satunnaisen, k\u00e4vij\u00e4n laitteelle m\u00e4\u00e4ritetyn merkkijonon (istuntotunniste). N\u00e4it\u00e4 ev\u00e4steit\u00e4 k\u00e4ytet\u00e4\u00e4n esimerkiksi tiettyjen k\u00e4ytt\u00e4j\u00e4asetusten, kuten kielen tai historian, asettamiseen ja muistamiseen, jotta vierailijan olisi helpompaa k\u00e4ytt\u00e4\u00e4 sivustoamme.<\/p>\n<p class=\"p6\">Useimmat selaimet on asetettu sallimaan ev\u00e4steiden tallentaminen. Jos et halua sallia ev\u00e4steit\u00e4, voit joko asettaa selaimesi varoittamaan sinua aina, kun verkkosivusto haluaa sijoittaa ev\u00e4steen tietokoneellesi, tai poistaa ev\u00e4steiden tallentamisen kokonaan k\u00e4yt\u00f6st\u00e4. L\u00f6yd\u00e4t selaimesi ohjetoiminnosta tiedot siit\u00e4, miten t\u00e4m\u00e4 tehd\u00e4\u00e4n. Jos p\u00e4\u00e4t\u00e4t poistaa ev\u00e4steet k\u00e4yt\u00f6st\u00e4, verkkosivustomme ei toimi niin hyvin kuin sin\u00e4 k\u00e4ytt\u00e4j\u00e4n\u00e4 odotat.<\/p>\n<p class=\"p6\">\n<h4 class=\"p5\"><b>Kolmannen osapuolen<\/b><span class=\"s1\"><b> ev\u00e4steet<\/b><\/span><\/h4>\n<p class=\"p7\">Arcos Hydraulik AB:n verkkosivusto k\u00e4ytt\u00e4\u00e4 analysointity\u00f6kaluna Googlen Google Analytics -palvelua. Ker\u00e4\u00e4mme tilastoja verkkosivustomme k\u00e4yt\u00f6st\u00e4 ja k\u00e4vij\u00e4virroista. N\u00e4m\u00e4 tiedot ker\u00e4t\u00e4\u00e4n, jotta verkkosivustomme olisi mahdollisimman k\u00e4ytt\u00e4j\u00e4yst\u00e4v\u00e4llinen ja tarkoituksenmukainen sinulle k\u00e4vij\u00e4n\u00e4. Kaikki t\u00e4t\u00e4 tarkoitusta varten ker\u00e4tyt tiedot kootaan yhteen maailmanlaajuisella tasolla ja ne ovat nimett\u00f6mi\u00e4. T\u00e4m\u00e4 on valinnainen ev\u00e4ste, jota voit olla hyv\u00e4ksym\u00e4tt\u00e4.<\/p>\n<p>[\/et_pb_text][\/et_pb_column][\/et_pb_row][\/et_pb_section]<\/p>\n","protected":false},"excerpt":{"rendered":"<p>Ev\u00e4steiden hallinta Verkkosivustomme k\u00e4ytt\u00e4\u00e4 niin kutsuttuja ev\u00e4steit\u00e4. Ev\u00e4ste on pieni tekstitiedosto, joka tallennetaan selaimeesi. N\u00e4m\u00e4 tiedot ovat nimett\u00f6mi\u00e4, eik\u00e4 niit\u00e4 voida yhdist\u00e4\u00e4 sinuun yksil\u00f6n\u00e4. Ev\u00e4steit\u00e4 on kahdenlaisia, pysyvi\u00e4 ja tilap\u00e4isi\u00e4 (istuntoev\u00e4steet). Pysyv\u00e4t ev\u00e4steet tallennetaan tiedostona tietokoneellesi tai matkapuhelimeesi tietyksi ajaksi, kunnes sin\u00e4 tai ev\u00e4steet l\u00e4hett\u00e4nyt palvelin poistaa ne (meid\u00e4n ev\u00e4steemme poistetaan 365 p\u00e4iv\u00e4n kuluttua). Istuntoev\u00e4steet [&hellip;]<\/p>\n","protected":false},"author":7,"featured_media":0,"parent":0,"menu_order":0,"comment_status":"closed","ping_status":"closed","template":"","meta":{"_et_pb_use_builder":"on","_et_pb_old_content":"","_et_gb_content_width":"","footnotes":""},"class_list":["post-5630","page","type-page","status-publish","hentry"],"yoast_head":"<!-- This site is optimized with the Yoast SEO plugin v27.2 - https:\/\/yoast.com\/product\/yoast-seo-wordpress\/ -->\n<title>Ev\u00e4steiden hallinta - ARCOS<\/title>\n<meta name=\"robots\" content=\"index, follow, max-snippet:-1, max-image-preview:large, max-video-preview:-1\" \/>\n<link rel=\"canonical\" href=\"https:\/\/arcos.se\/fi\/evasteiden-hallinta\/\" \/>\n<meta property=\"og:locale\" content=\"fi_FI\" \/>\n<meta property=\"og:type\" content=\"article\" \/>\n<meta property=\"og:title\" content=\"Ev\u00e4steiden hallinta - ARCOS\" \/>\n<meta property=\"og:description\" content=\"Ev\u00e4steiden hallinta Verkkosivustomme k\u00e4ytt\u00e4\u00e4 niin kutsuttuja ev\u00e4steit\u00e4. Ev\u00e4ste on pieni tekstitiedosto, joka tallennetaan selaimeesi. N\u00e4m\u00e4 tiedot ovat nimett\u00f6mi\u00e4, eik\u00e4 niit\u00e4 voida yhdist\u00e4\u00e4 sinuun yksil\u00f6n\u00e4. Ev\u00e4steit\u00e4 on kahdenlaisia, pysyvi\u00e4 ja tilap\u00e4isi\u00e4 (istuntoev\u00e4steet). Pysyv\u00e4t ev\u00e4steet tallennetaan tiedostona tietokoneellesi tai matkapuhelimeesi tietyksi ajaksi, kunnes sin\u00e4 tai ev\u00e4steet l\u00e4hett\u00e4nyt palvelin poistaa ne (meid\u00e4n ev\u00e4steemme poistetaan 365 p\u00e4iv\u00e4n kuluttua). Istuntoev\u00e4steet [&hellip;]\" \/>\n<meta property=\"og:url\" content=\"https:\/\/arcos.se\/fi\/evasteiden-hallinta\/\" \/>\n<meta property=\"og:site_name\" content=\"ARCOS\" \/>\n<meta property=\"article:modified_time\" content=\"2023-04-28T12:53:30+00:00\" \/>\n<meta name=\"twitter:card\" content=\"summary_large_image\" \/>\n<script type=\"application\/ld+json\" class=\"yoast-schema-graph\">{\"@context\":\"https:\/\/schema.org\",\"@graph\":[{\"@type\":\"WebPage\",\"@id\":\"https:\/\/arcos.se\/fi\/evasteiden-hallinta\/\",\"url\":\"https:\/\/arcos.se\/fi\/evasteiden-hallinta\/\",\"name\":\"Ev\u00e4steiden hallinta - ARCOS\",\"isPartOf\":{\"@id\":\"https:\/\/arcos.se\/fi\/#website\"},\"datePublished\":\"2023-04-28T12:26:43+00:00\",\"dateModified\":\"2023-04-28T12:53:30+00:00\",\"breadcrumb\":{\"@id\":\"https:\/\/arcos.se\/fi\/evasteiden-hallinta\/#breadcrumb\"},\"inLanguage\":\"fi\",\"potentialAction\":[{\"@type\":\"ReadAction\",\"target\":[\"https:\/\/arcos.se\/fi\/evasteiden-hallinta\/\"]}]},{\"@type\":\"BreadcrumbList\",\"@id\":\"https:\/\/arcos.se\/fi\/evasteiden-hallinta\/#breadcrumb\",\"itemListElement\":[{\"@type\":\"ListItem\",\"position\":1,\"name\":\"Hem\",\"item\":\"https:\/\/arcos.se\/fi\/\"},{\"@type\":\"ListItem\",\"position\":2,\"name\":\"Ev\u00e4steiden hallinta\"}]},{\"@type\":\"WebSite\",\"@id\":\"https:\/\/arcos.se\/fi\/#website\",\"url\":\"https:\/\/arcos.se\/fi\/\",\"name\":\"ARCOS\",\"description\":\"HYDRAULIC POWER \u2013 AT YOUR SERVICE\",\"publisher\":{\"@id\":\"https:\/\/arcos.se\/fi\/#organization\"},\"potentialAction\":[{\"@type\":\"SearchAction\",\"target\":{\"@type\":\"EntryPoint\",\"urlTemplate\":\"https:\/\/arcos.se\/fi\/?s={search_term_string}\"},\"query-input\":{\"@type\":\"PropertyValueSpecification\",\"valueRequired\":true,\"valueName\":\"search_term_string\"}}],\"inLanguage\":\"fi\"},{\"@type\":\"Organization\",\"@id\":\"https:\/\/arcos.se\/fi\/#organization\",\"name\":\"ARCOS\",\"url\":\"https:\/\/arcos.se\/fi\/\",\"logo\":{\"@type\":\"ImageObject\",\"inLanguage\":\"fi\",\"@id\":\"https:\/\/arcos.se\/fi\/#\/schema\/logo\/image\/\",\"url\":\"https:\/\/arcos.se\/wp-content\/uploads\/2021\/12\/Arcos-Original-1.png\",\"contentUrl\":\"https:\/\/arcos.se\/wp-content\/uploads\/2021\/12\/Arcos-Original-1.png\",\"width\":842,\"height\":391,\"caption\":\"ARCOS\"},\"image\":{\"@id\":\"https:\/\/arcos.se\/fi\/#\/schema\/logo\/image\/\"},\"sameAs\":[\"https:\/\/www.linkedin.com\/company\/arcos-hydraulik-ab\/\"]}]}<\/script>\n<!-- \/ Yoast SEO plugin. -->","yoast_head_json":{"title":"Ev\u00e4steiden hallinta - ARCOS","robots":{"index":"index","follow":"follow","max-snippet":"max-snippet:-1","max-image-preview":"max-image-preview:large","max-video-preview":"max-video-preview:-1"},"canonical":"https:\/\/arcos.se\/fi\/evasteiden-hallinta\/","og_locale":"fi_FI","og_type":"article","og_title":"Ev\u00e4steiden hallinta - ARCOS","og_description":"Ev\u00e4steiden hallinta Verkkosivustomme k\u00e4ytt\u00e4\u00e4 niin kutsuttuja ev\u00e4steit\u00e4. Ev\u00e4ste on pieni tekstitiedosto, joka tallennetaan selaimeesi. N\u00e4m\u00e4 tiedot ovat nimett\u00f6mi\u00e4, eik\u00e4 niit\u00e4 voida yhdist\u00e4\u00e4 sinuun yksil\u00f6n\u00e4. Ev\u00e4steit\u00e4 on kahdenlaisia, pysyvi\u00e4 ja tilap\u00e4isi\u00e4 (istuntoev\u00e4steet). Pysyv\u00e4t ev\u00e4steet tallennetaan tiedostona tietokoneellesi tai matkapuhelimeesi tietyksi ajaksi, kunnes sin\u00e4 tai ev\u00e4steet l\u00e4hett\u00e4nyt palvelin poistaa ne (meid\u00e4n ev\u00e4steemme poistetaan 365 p\u00e4iv\u00e4n kuluttua). Istuntoev\u00e4steet [&hellip;]","og_url":"https:\/\/arcos.se\/fi\/evasteiden-hallinta\/","og_site_name":"ARCOS","article_modified_time":"2023-04-28T12:53:30+00:00","twitter_card":"summary_large_image","schema":{"@context":"https:\/\/schema.org","@graph":[{"@type":"WebPage","@id":"https:\/\/arcos.se\/fi\/evasteiden-hallinta\/","url":"https:\/\/arcos.se\/fi\/evasteiden-hallinta\/","name":"Ev\u00e4steiden hallinta - ARCOS","isPartOf":{"@id":"https:\/\/arcos.se\/fi\/#website"},"datePublished":"2023-04-28T12:26:43+00:00","dateModified":"2023-04-28T12:53:30+00:00","breadcrumb":{"@id":"https:\/\/arcos.se\/fi\/evasteiden-hallinta\/#breadcrumb"},"inLanguage":"fi","potentialAction":[{"@type":"ReadAction","target":["https:\/\/arcos.se\/fi\/evasteiden-hallinta\/"]}]},{"@type":"BreadcrumbList","@id":"https:\/\/arcos.se\/fi\/evasteiden-hallinta\/#breadcrumb","itemListElement":[{"@type":"ListItem","position":1,"name":"Hem","item":"https:\/\/arcos.se\/fi\/"},{"@type":"ListItem","position":2,"name":"Ev\u00e4steiden hallinta"}]},{"@type":"WebSite","@id":"https:\/\/arcos.se\/fi\/#website","url":"https:\/\/arcos.se\/fi\/","name":"ARCOS","description":"HYDRAULIC POWER \u2013 AT YOUR SERVICE","publisher":{"@id":"https:\/\/arcos.se\/fi\/#organization"},"potentialAction":[{"@type":"SearchAction","target":{"@type":"EntryPoint","urlTemplate":"https:\/\/arcos.se\/fi\/?s={search_term_string}"},"query-input":{"@type":"PropertyValueSpecification","valueRequired":true,"valueName":"search_term_string"}}],"inLanguage":"fi"},{"@type":"Organization","@id":"https:\/\/arcos.se\/fi\/#organization","name":"ARCOS","url":"https:\/\/arcos.se\/fi\/","logo":{"@type":"ImageObject","inLanguage":"fi","@id":"https:\/\/arcos.se\/fi\/#\/schema\/logo\/image\/","url":"https:\/\/arcos.se\/wp-content\/uploads\/2021\/12\/Arcos-Original-1.png","contentUrl":"https:\/\/arcos.se\/wp-content\/uploads\/2021\/12\/Arcos-Original-1.png","width":842,"height":391,"caption":"ARCOS"},"image":{"@id":"https:\/\/arcos.se\/fi\/#\/schema\/logo\/image\/"},"sameAs":["https:\/\/www.linkedin.com\/company\/arcos-hydraulik-ab\/"]}]}},"_links":{"self":[{"href":"https:\/\/arcos.se\/fi\/wp-json\/wp\/v2\/pages\/5630","targetHints":{"allow":["GET"]}}],"collection":[{"href":"https:\/\/arcos.se\/fi\/wp-json\/wp\/v2\/pages"}],"about":[{"href":"https:\/\/arcos.se\/fi\/wp-json\/wp\/v2\/types\/page"}],"author":[{"embeddable":true,"href":"https:\/\/arcos.se\/fi\/wp-json\/wp\/v2\/users\/7"}],"replies":[{"embeddable":true,"href":"https:\/\/arcos.se\/fi\/wp-json\/wp\/v2\/comments?post=5630"}],"version-history":[{"count":5,"href":"https:\/\/arcos.se\/fi\/wp-json\/wp\/v2\/pages\/5630\/revisions"}],"predecessor-version":[{"id":5646,"href":"https:\/\/arcos.se\/fi\/wp-json\/wp\/v2\/pages\/5630\/revisions\/5646"}],"wp:attachment":[{"href":"https:\/\/arcos.se\/fi\/wp-json\/wp\/v2\/media?parent=5630"}],"curies":[{"name":"wp","href":"https:\/\/api.w.org\/{rel}","templated":true}]}}