{"id":4750,"date":"2022-06-03T11:16:59","date_gmt":"2022-06-03T11:16:59","guid":{"rendered":"https:\/\/arcos.se\/?page_id=4750"},"modified":"2024-12-19T14:03:00","modified_gmt":"2024-12-19T14:03:00","slug":"ura","status":"publish","type":"page","link":"https:\/\/arcos.se\/fi\/ura\/","title":{"rendered":"Ura"},"content":{"rendered":"<p>[et_pb_section fb_built=&#8221;1&#8243; fullwidth=&#8221;on&#8221; disabled_on=&#8221;on|off|off&#8221; _builder_version=&#8221;4.16&#8243; _module_preset=&#8221;default&#8221; saved_tabs=&#8221;all&#8221; global_colors_info=&#8221;{}&#8221;][et_pb_fullwidth_slider _builder_version=&#8221;4.16&#8243; _module_preset=&#8221;default&#8221; header_font=&#8221;Roboto|300|||||||&#8221; header_font_size=&#8221;60px&#8221; background_color_gradient_direction=&#8221;102deg&#8221; background_color_gradient_start=&#8221;rgba(0,0,0,0.85)&#8221; background_color_gradient_end=&#8221;rgba(255,255,255,0)&#8221; background_image=&#8221;https:\/\/arcos.se\/wp-content\/uploads\/2022\/05\/Karriar_2-1.jpg&#8221; module_alignment=&#8221;center&#8221; content_width=&#8221;70%&#8221; min_height=&#8221;600px&#8221; height=&#8221;600px&#8221; max_height=&#8221;600px&#8221; custom_padding=&#8221;230px||||false|false&#8221; global_colors_info=&#8221;{}&#8221;][et_pb_slide heading=&#8221;Ura&#8221; _builder_version=&#8221;4.16&#8243; _module_preset=&#8221;default&#8221; header_text_align=&#8221;left&#8221; header_font_size=&#8221;58px&#8221; body_font=&#8221;Roboto||||||||&#8221; body_text_align=&#8221;left&#8221; body_font_size=&#8221;18px&#8221; body_line_height=&#8221;1.4em&#8221; text_orientation=&#8221;left&#8221; width=&#8221;70%&#8221; max_width=&#8221;70%&#8221; global_colors_info=&#8221;{}&#8221; sticky_transition=&#8221;on&#8221;][\/et_pb_slide][\/et_pb_fullwidth_slider][\/et_pb_section][et_pb_section fb_built=&#8221;1&#8243; fullwidth=&#8221;on&#8221; disabled_on=&#8221;off|on|on&#8221; _builder_version=&#8221;4.16&#8243; _module_preset=&#8221;default&#8221; saved_tabs=&#8221;all&#8221; global_colors_info=&#8221;{}&#8221;][et_pb_fullwidth_slider _builder_version=&#8221;4.16&#8243; _dynamic_attributes=&#8221;link_option_url&#8221; _module_preset=&#8221;default&#8221; header_font=&#8221;Roboto|300|||||||&#8221; header_font_size=&#8221;60px&#8221; background_color_gradient_direction=&#8221;97deg&#8221; background_color_gradient_start=&#8221;rgba(0,0,0,0.82)&#8221; background_color_gradient_end=&#8221;rgba(255,255,255,0)&#8221; background_image=&#8221;https:\/\/arcos.se\/wp-content\/uploads\/2022\/05\/Karriar_2-1.jpg&#8221; module_alignment=&#8221;center&#8221; min_height=&#8221;500px&#8221; height=&#8221;500px&#8221; link_option_url=&#8221;@ET-DC@eyJkeW5hbWljIjp0cnVlLCJjb250ZW50IjoicG9zdF9saW5rX3VybF9wYWdlIiwic2V0dGluZ3MiOnsicG9zdF9pZCI6IjUyIn19@&#8221; global_colors_info=&#8221;{}&#8221;][et_pb_slide heading=&#8221;Ura&#8221; _builder_version=&#8221;4.16&#8243; _module_preset=&#8221;default&#8221; header_text_align=&#8221;left&#8221; header_font_size=&#8221;36px&#8221; body_text_align=&#8221;left&#8221; body_line_height=&#8221;1.5em&#8221; global_colors_info=&#8221;{}&#8221; sticky_transition=&#8221;on&#8221;][\/et_pb_slide][\/et_pb_fullwidth_slider][\/et_pb_section][et_pb_section fb_built=&#8221;1&#8243; admin_label=&#8221;Service Section&#8221; _builder_version=&#8221;4.16&#8243; background_color=&#8221;#FFFFFF&#8221; background_color_gradient_start=&#8221;#003764&#8243; background_color_gradient_end=&#8221;#84ccd6&#8243; background_enable_image=&#8221;off&#8221; min_height=&#8221;1010.1px&#8221; custom_padding=&#8221;32px|0px|0px|0px|false|false&#8221; global_colors_info=&#8221;{}&#8221;][et_pb_row column_structure=&#8221;2_3,1_3&#8243; _builder_version=&#8221;4.19.2&#8243; _module_preset=&#8221;default&#8221; custom_padding=&#8221;||15px||false|false&#8221; global_colors_info=&#8221;{}&#8221;][et_pb_column type=&#8221;2_3&#8243; _builder_version=&#8221;4.16&#8243; _module_preset=&#8221;default&#8221; global_colors_info=&#8221;{}&#8221;][et_pb_text _builder_version=&#8221;4.19.2&#8243; _module_preset=&#8221;default&#8221; text_font=&#8221;Roboto|300|||||||&#8221; text_text_color=&#8221;#000000&#8243; text_font_size=&#8221;18px&#8221; text_line_height=&#8221;1.4em&#8221; custom_padding=&#8221;||15px||false|false&#8221; global_colors_info=&#8221;{}&#8221;]<\/p>\n<p class=\"p1\"><span>Rakenna uraasi yhdess\u00e4 kanssamme. Olemme Pohjoismaiden johtava hydraulikkaratkaisujen toimittaja joka p\u00e4tevyyden ja ainutlaatuisen keskitetyn yhteistoiminnan pohjalta tarjoaa asiakkailleen kokonaispalveluja.<\/span><\/p>\n<p class=\"p1\">Esiinnymme paikallisesti, maailmanlaajuisesti ja meill\u00e4 on vahva kulttuurinen monimuotoisuus jossa ideasi arvostetaan korkealle ja jossa teet itsen\u00e4ist\u00e4 ty\u00f6t\u00e4 yhdess\u00e4 muiden ty\u00f6ntekij\u00f6iden kanssa riemastuttavassa ja luovassa ilmapiiriss\u00e4. Meill\u00e4 on mahdollisuus tarjota sinulle tulevaisuus joka sis\u00e4lt\u00e4\u00e4 sek\u00e4 haasteita ett\u00e4 kehittymismahdollisuuksia riippumatta siit\u00e4 valitsetko paikallisemman tai maailmanlaajuisemman ty\u00f6skentely-ymp\u00e4rist\u00f6n.<\/p>\n<p class=\"p1\">Ty\u00f6ntekij\u00f6ill\u00e4mme on korkea osaamistaso ja me hy\u00f6dynn\u00e4mme jokaisen parhaita ominaisuuksia asiakaskohtaamisissa.<\/p>\n<p>[\/et_pb_text][\/et_pb_column][et_pb_column type=&#8221;1_3&#8243; _builder_version=&#8221;4.16&#8243; _module_preset=&#8221;default&#8221; global_colors_info=&#8221;{}&#8221;][\/et_pb_column][\/et_pb_row][et_pb_row column_structure=&#8221;2_3,1_3&#8243; _builder_version=&#8221;4.16&#8243; _module_preset=&#8221;default&#8221; animation_style=&#8221;fade&#8221; global_colors_info=&#8221;{}&#8221;][et_pb_column type=&#8221;2_3&#8243; _builder_version=&#8221;4.16&#8243; _module_preset=&#8221;default&#8221; global_colors_info=&#8221;{}&#8221;][et_pb_text _builder_version=&#8221;4.16&#8243; _module_preset=&#8221;default&#8221; text_font=&#8221;Roboto|300|||||||&#8221; text_text_color=&#8221;#000000&#8243; text_font_size=&#8221;36px&#8221; text_line_height=&#8221;1.2em&#8221; header_font=&#8221;Roboto|300|||||||&#8221; header_font_size=&#8221;36px&#8221; header_line_height=&#8221;1.1em&#8221; min_height=&#8221;46px&#8221; global_colors_info=&#8221;{}&#8221;]<\/p>\n<p class=\"p1\">Ty\u00f6skentely Arcos:illa<\/p>\n<p>[\/et_pb_text][et_pb_text _builder_version=&#8221;4.16&#8243; _module_preset=&#8221;default&#8221; text_font=&#8221;Roboto|300|||||||&#8221; text_text_color=&#8221;#000000&#8243; text_font_size=&#8221;18px&#8221; text_line_height=&#8221;1.4em&#8221; global_colors_info=&#8221;{}&#8221;]<\/p>\n<p class=\"p1\">Arcosilla sinulla on hyv\u00e4t mahdollisuudet saada ty\u00f6skennell\u00e4 vaihtelevissa ty\u00f6teht\u00e4viss\u00e4. Toimintamme kattaa kaikki tuotekehityksen\/-suunnittelun, myynnin ja markkinoinnin, oston, tuotannon, talouden jne. osa-alueet.<\/p>\n<p class=\"p1\">Voit haastaa itsesi, kokea uusia asioita ja kehitt\u00e4\u00e4 asiantuntija- ja johtajaominaisuuksiasi.<\/p>\n<p class=\"p1\"><strong>Haemme sinua joka olet<\/strong><\/p>\n<ul class=\"ul1\">\n<li class=\"li4\">Tekniikasta kiinnostunut<\/li>\n<li class=\"li4\">Liiketoimintaorientoitunut<\/li>\n<li class=\"li4\">Olet luova ja ongelmanratkaisuorientoitunut<\/li>\n<\/ul>\n<p>[\/et_pb_text][\/et_pb_column][et_pb_column type=&#8221;1_3&#8243; _builder_version=&#8221;4.16&#8243; _module_preset=&#8221;default&#8221; global_colors_info=&#8221;{}&#8221;][\/et_pb_column][\/et_pb_row][et_pb_row _builder_version=&#8221;4.16&#8243; _module_preset=&#8221;default&#8221; global_colors_info=&#8221;{}&#8221;][et_pb_column type=&#8221;4_4&#8243; _builder_version=&#8221;4.16&#8243; _module_preset=&#8221;default&#8221; global_colors_info=&#8221;{}&#8221;][et_pb_text _builder_version=&#8221;4.16&#8243; _module_preset=&#8221;default&#8221; text_font=&#8221;Roboto|300|||||||&#8221; text_text_color=&#8221;#000000&#8243; text_font_size=&#8221;36px&#8221; text_line_height=&#8221;1.2em&#8221; header_font=&#8221;Roboto|300|||||||&#8221; header_font_size=&#8221;36px&#8221; header_line_height=&#8221;1.1em&#8221; min_height=&#8221;46px&#8221; global_colors_info=&#8221;{}&#8221;]<\/p>\n<p class=\"p1\">Meet our staff<\/p>\n<p>[\/et_pb_text][\/et_pb_column][\/et_pb_row][et_pb_row column_structure=&#8221;1_2,1_2&#8243; _builder_version=&#8221;4.19.2&#8243; _module_preset=&#8221;default&#8221; global_colors_info=&#8221;{}&#8221;][et_pb_column type=&#8221;1_2&#8243; _builder_version=&#8221;4.19.2&#8243; _module_preset=&#8221;default&#8221; global_colors_info=&#8221;{}&#8221;][et_pb_video src=&#8221;https:\/\/youtu.be\/OzpEZOP2eC8&#8243; _builder_version=&#8221;4.19.2&#8243; _module_preset=&#8221;default&#8221; global_colors_info=&#8221;{}&#8221;][\/et_pb_video][\/et_pb_column][et_pb_column type=&#8221;1_2&#8243; _builder_version=&#8221;4.19.2&#8243; _module_preset=&#8221;default&#8221; global_colors_info=&#8221;{}&#8221;][et_pb_text _builder_version=&#8221;4.19.2&#8243; _module_preset=&#8221;default&#8221; text_font=&#8221;Roboto|300|||||||&#8221; text_text_color=&#8221;#000000&#8243; text_font_size=&#8221;18px&#8221; text_line_height=&#8221;1.4em&#8221; custom_padding=&#8221;||0px|||&#8221; global_colors_info=&#8221;{}&#8221;]<\/p>\n<p><strong>Say hello to Sara &#8211; our colleague in Borl\u00e4nge! <\/strong><\/p>\n<p>Sara works as Head of Quality at our unit in Borl\u00e4nge. Her day-to-day work is about ensuring that Arcos has the right conditions for creating products that are of high quality, and thus happy customers and staff.<\/p>\n<p>By handling deviations and constantly investigating why something may have gone wrong, we can stop it from happening again. That\u2019s the very foundation of Arcos \u2013 that we want to constantly develop and improve.\u00a0<\/p>\n<p>[\/et_pb_text][\/et_pb_column][\/et_pb_row][et_pb_row _builder_version=&#8221;4.19.2&#8243; _module_preset=&#8221;default&#8221; global_colors_info=&#8221;{}&#8221;][et_pb_column type=&#8221;4_4&#8243; _builder_version=&#8221;4.19.2&#8243; _module_preset=&#8221;default&#8221; global_colors_info=&#8221;{}&#8221;][\/et_pb_column][\/et_pb_row][\/et_pb_section]<\/p>\n","protected":false},"excerpt":{"rendered":"<p>Rakenna uraasi yhdess\u00e4 kanssamme. Olemme Pohjoismaiden johtava hydraulikkaratkaisujen toimittaja joka p\u00e4tevyyden ja ainutlaatuisen keskitetyn yhteistoiminnan pohjalta tarjoaa asiakkailleen kokonaispalveluja. Esiinnymme paikallisesti, maailmanlaajuisesti ja meill\u00e4 on vahva kulttuurinen monimuotoisuus jossa ideasi arvostetaan korkealle ja jossa teet itsen\u00e4ist\u00e4 ty\u00f6t\u00e4 yhdess\u00e4 muiden ty\u00f6ntekij\u00f6iden kanssa riemastuttavassa ja luovassa ilmapiiriss\u00e4. Meill\u00e4 on mahdollisuus tarjota sinulle tulevaisuus joka sis\u00e4lt\u00e4\u00e4 sek\u00e4 haasteita [&hellip;]<\/p>\n","protected":false},"author":5,"featured_media":0,"parent":0,"menu_order":0,"comment_status":"closed","ping_status":"closed","template":"","meta":{"_et_pb_use_builder":"on","_et_pb_old_content":"","_et_gb_content_width":"","footnotes":""},"class_list":["post-4750","page","type-page","status-publish","hentry"],"yoast_head":"<!-- This site is optimized with the Yoast SEO plugin v27.2 - https:\/\/yoast.com\/product\/yoast-seo-wordpress\/ -->\n<title>Ura - ARCOS<\/title>\n<meta name=\"robots\" content=\"index, follow, max-snippet:-1, max-image-preview:large, max-video-preview:-1\" \/>\n<link rel=\"canonical\" href=\"https:\/\/arcos.se\/fi\/ura\/\" \/>\n<meta property=\"og:locale\" content=\"fi_FI\" \/>\n<meta property=\"og:type\" content=\"article\" \/>\n<meta property=\"og:title\" content=\"Ura - ARCOS\" \/>\n<meta property=\"og:description\" content=\"Rakenna uraasi yhdess\u00e4 kanssamme. Olemme Pohjoismaiden johtava hydraulikkaratkaisujen toimittaja joka p\u00e4tevyyden ja ainutlaatuisen keskitetyn yhteistoiminnan pohjalta tarjoaa asiakkailleen kokonaispalveluja. Esiinnymme paikallisesti, maailmanlaajuisesti ja meill\u00e4 on vahva kulttuurinen monimuotoisuus jossa ideasi arvostetaan korkealle ja jossa teet itsen\u00e4ist\u00e4 ty\u00f6t\u00e4 yhdess\u00e4 muiden ty\u00f6ntekij\u00f6iden kanssa riemastuttavassa ja luovassa ilmapiiriss\u00e4. Meill\u00e4 on mahdollisuus tarjota sinulle tulevaisuus joka sis\u00e4lt\u00e4\u00e4 sek\u00e4 haasteita [&hellip;]\" \/>\n<meta property=\"og:url\" content=\"https:\/\/arcos.se\/fi\/ura\/\" \/>\n<meta property=\"og:site_name\" content=\"ARCOS\" \/>\n<meta property=\"article:modified_time\" content=\"2024-12-19T14:03:00+00:00\" \/>\n<meta name=\"twitter:card\" content=\"summary_large_image\" \/>\n<meta name=\"twitter:label1\" content=\"Arvioitu lukuaika\" \/>\n\t<meta name=\"twitter:data1\" content=\"5 minuuttia\" \/>\n<script type=\"application\/ld+json\" class=\"yoast-schema-graph\">{\"@context\":\"https:\/\/schema.org\",\"@graph\":[{\"@type\":\"WebPage\",\"@id\":\"https:\/\/arcos.se\/fi\/ura\/\",\"url\":\"https:\/\/arcos.se\/fi\/ura\/\",\"name\":\"Ura - ARCOS\",\"isPartOf\":{\"@id\":\"https:\/\/arcos.se\/fi\/#website\"},\"datePublished\":\"2022-06-03T11:16:59+00:00\",\"dateModified\":\"2024-12-19T14:03:00+00:00\",\"breadcrumb\":{\"@id\":\"https:\/\/arcos.se\/fi\/ura\/#breadcrumb\"},\"inLanguage\":\"fi\",\"potentialAction\":[{\"@type\":\"ReadAction\",\"target\":[\"https:\/\/arcos.se\/fi\/ura\/\"]}]},{\"@type\":\"BreadcrumbList\",\"@id\":\"https:\/\/arcos.se\/fi\/ura\/#breadcrumb\",\"itemListElement\":[{\"@type\":\"ListItem\",\"position\":1,\"name\":\"Hem\",\"item\":\"https:\/\/arcos.se\/fi\/\"},{\"@type\":\"ListItem\",\"position\":2,\"name\":\"Ura\"}]},{\"@type\":\"WebSite\",\"@id\":\"https:\/\/arcos.se\/fi\/#website\",\"url\":\"https:\/\/arcos.se\/fi\/\",\"name\":\"ARCOS\",\"description\":\"HYDRAULIC POWER \u2013 AT YOUR SERVICE\",\"publisher\":{\"@id\":\"https:\/\/arcos.se\/fi\/#organization\"},\"potentialAction\":[{\"@type\":\"SearchAction\",\"target\":{\"@type\":\"EntryPoint\",\"urlTemplate\":\"https:\/\/arcos.se\/fi\/?s={search_term_string}\"},\"query-input\":{\"@type\":\"PropertyValueSpecification\",\"valueRequired\":true,\"valueName\":\"search_term_string\"}}],\"inLanguage\":\"fi\"},{\"@type\":\"Organization\",\"@id\":\"https:\/\/arcos.se\/fi\/#organization\",\"name\":\"ARCOS\",\"url\":\"https:\/\/arcos.se\/fi\/\",\"logo\":{\"@type\":\"ImageObject\",\"inLanguage\":\"fi\",\"@id\":\"https:\/\/arcos.se\/fi\/#\/schema\/logo\/image\/\",\"url\":\"https:\/\/arcos.se\/wp-content\/uploads\/2021\/12\/Arcos-Original-1.png\",\"contentUrl\":\"https:\/\/arcos.se\/wp-content\/uploads\/2021\/12\/Arcos-Original-1.png\",\"width\":842,\"height\":391,\"caption\":\"ARCOS\"},\"image\":{\"@id\":\"https:\/\/arcos.se\/fi\/#\/schema\/logo\/image\/\"},\"sameAs\":[\"https:\/\/www.linkedin.com\/company\/arcos-hydraulik-ab\/\"]}]}<\/script>\n<!-- \/ Yoast SEO plugin. -->","yoast_head_json":{"title":"Ura - ARCOS","robots":{"index":"index","follow":"follow","max-snippet":"max-snippet:-1","max-image-preview":"max-image-preview:large","max-video-preview":"max-video-preview:-1"},"canonical":"https:\/\/arcos.se\/fi\/ura\/","og_locale":"fi_FI","og_type":"article","og_title":"Ura - ARCOS","og_description":"Rakenna uraasi yhdess\u00e4 kanssamme. Olemme Pohjoismaiden johtava hydraulikkaratkaisujen toimittaja joka p\u00e4tevyyden ja ainutlaatuisen keskitetyn yhteistoiminnan pohjalta tarjoaa asiakkailleen kokonaispalveluja. Esiinnymme paikallisesti, maailmanlaajuisesti ja meill\u00e4 on vahva kulttuurinen monimuotoisuus jossa ideasi arvostetaan korkealle ja jossa teet itsen\u00e4ist\u00e4 ty\u00f6t\u00e4 yhdess\u00e4 muiden ty\u00f6ntekij\u00f6iden kanssa riemastuttavassa ja luovassa ilmapiiriss\u00e4. Meill\u00e4 on mahdollisuus tarjota sinulle tulevaisuus joka sis\u00e4lt\u00e4\u00e4 sek\u00e4 haasteita [&hellip;]","og_url":"https:\/\/arcos.se\/fi\/ura\/","og_site_name":"ARCOS","article_modified_time":"2024-12-19T14:03:00+00:00","twitter_card":"summary_large_image","twitter_misc":{"Arvioitu lukuaika":"5 minuuttia"},"schema":{"@context":"https:\/\/schema.org","@graph":[{"@type":"WebPage","@id":"https:\/\/arcos.se\/fi\/ura\/","url":"https:\/\/arcos.se\/fi\/ura\/","name":"Ura - ARCOS","isPartOf":{"@id":"https:\/\/arcos.se\/fi\/#website"},"datePublished":"2022-06-03T11:16:59+00:00","dateModified":"2024-12-19T14:03:00+00:00","breadcrumb":{"@id":"https:\/\/arcos.se\/fi\/ura\/#breadcrumb"},"inLanguage":"fi","potentialAction":[{"@type":"ReadAction","target":["https:\/\/arcos.se\/fi\/ura\/"]}]},{"@type":"BreadcrumbList","@id":"https:\/\/arcos.se\/fi\/ura\/#breadcrumb","itemListElement":[{"@type":"ListItem","position":1,"name":"Hem","item":"https:\/\/arcos.se\/fi\/"},{"@type":"ListItem","position":2,"name":"Ura"}]},{"@type":"WebSite","@id":"https:\/\/arcos.se\/fi\/#website","url":"https:\/\/arcos.se\/fi\/","name":"ARCOS","description":"HYDRAULIC POWER \u2013 AT YOUR SERVICE","publisher":{"@id":"https:\/\/arcos.se\/fi\/#organization"},"potentialAction":[{"@type":"SearchAction","target":{"@type":"EntryPoint","urlTemplate":"https:\/\/arcos.se\/fi\/?s={search_term_string}"},"query-input":{"@type":"PropertyValueSpecification","valueRequired":true,"valueName":"search_term_string"}}],"inLanguage":"fi"},{"@type":"Organization","@id":"https:\/\/arcos.se\/fi\/#organization","name":"ARCOS","url":"https:\/\/arcos.se\/fi\/","logo":{"@type":"ImageObject","inLanguage":"fi","@id":"https:\/\/arcos.se\/fi\/#\/schema\/logo\/image\/","url":"https:\/\/arcos.se\/wp-content\/uploads\/2021\/12\/Arcos-Original-1.png","contentUrl":"https:\/\/arcos.se\/wp-content\/uploads\/2021\/12\/Arcos-Original-1.png","width":842,"height":391,"caption":"ARCOS"},"image":{"@id":"https:\/\/arcos.se\/fi\/#\/schema\/logo\/image\/"},"sameAs":["https:\/\/www.linkedin.com\/company\/arcos-hydraulik-ab\/"]}]}},"_links":{"self":[{"href":"https:\/\/arcos.se\/fi\/wp-json\/wp\/v2\/pages\/4750","targetHints":{"allow":["GET"]}}],"collection":[{"href":"https:\/\/arcos.se\/fi\/wp-json\/wp\/v2\/pages"}],"about":[{"href":"https:\/\/arcos.se\/fi\/wp-json\/wp\/v2\/types\/page"}],"author":[{"embeddable":true,"href":"https:\/\/arcos.se\/fi\/wp-json\/wp\/v2\/users\/5"}],"replies":[{"embeddable":true,"href":"https:\/\/arcos.se\/fi\/wp-json\/wp\/v2\/comments?post=4750"}],"version-history":[{"count":10,"href":"https:\/\/arcos.se\/fi\/wp-json\/wp\/v2\/pages\/4750\/revisions"}],"predecessor-version":[{"id":6338,"href":"https:\/\/arcos.se\/fi\/wp-json\/wp\/v2\/pages\/4750\/revisions\/6338"}],"wp:attachment":[{"href":"https:\/\/arcos.se\/fi\/wp-json\/wp\/v2\/media?parent=4750"}],"curies":[{"name":"wp","href":"https:\/\/api.w.org\/{rel}","templated":true}]}}