{"id":1915,"date":"2021-12-13T14:33:25","date_gmt":"2021-12-13T14:33:25","guid":{"rendered":"https:\/\/arcos.flywheelsites.com\/?page_id=1915"},"modified":"2025-02-11T13:53:31","modified_gmt":"2025-02-11T13:53:31","slug":"erikoistuotteet","status":"publish","type":"page","link":"https:\/\/arcos.se\/fi\/erikoistuotteet\/","title":{"rendered":"Erikoistuotteet"},"content":{"rendered":"<p>[et_pb_section fb_built=&#8221;1&#8243; fullwidth=&#8221;on&#8221; disabled_on=&#8221;on|off|off&#8221; _builder_version=&#8221;4.16&#8243; _module_preset=&#8221;default&#8221; global_colors_info=&#8221;{}&#8221;][et_pb_fullwidth_slider _builder_version=&#8221;4.19.2&#8243; _dynamic_attributes=&#8221;link_option_url&#8221; _module_preset=&#8221;default&#8221; header_font=&#8221;Roboto|300|||||||&#8221; header_font_size=&#8221;69px&#8221; background_color_gradient_direction=&#8221;97deg&#8221; background_color_gradient_start=&#8221;rgba(0,0,0,0.73)&#8221; background_color_gradient_end=&#8221;rgba(255,255,255,0)&#8221; background_image=&#8221;https:\/\/arcos.se\/wp-content\/uploads\/2022\/01\/specialprodukter_background_1.png&#8221; module_alignment=&#8221;center&#8221; min_height=&#8221;600px&#8221; height=&#8221;600px&#8221; max_height=&#8221;600px&#8221; custom_padding=&#8221;230px||||false|false&#8221; link_option_url=&#8221;@ET-DC@eyJkeW5hbWljIjp0cnVlLCJjb250ZW50IjoicG9zdF9saW5rX3VybF9wYWdlIiwic2V0dGluZ3MiOnsicG9zdF9pZCI6IjUyIn19@&#8221; global_colors_info=&#8221;{}&#8221;][et_pb_slide heading=&#8221;Erikoistuotteet&#8221; _builder_version=&#8221;4.19.2&#8243; _module_preset=&#8221;default&#8221; header_text_align=&#8221;left&#8221; header_font_size=&#8221;58px&#8221; body_font=&#8221;Roboto||||||||&#8221; body_text_align=&#8221;left&#8221; body_font_size=&#8221;18px&#8221; body_line_height=&#8221;1.4em&#8221; width=&#8221;70%&#8221; global_colors_info=&#8221;{}&#8221; sticky_transition=&#8221;on&#8221;][\/et_pb_slide][\/et_pb_fullwidth_slider][\/et_pb_section][et_pb_section fb_built=&#8221;1&#8243; fullwidth=&#8221;on&#8221; disabled_on=&#8221;off|on|on&#8221; _builder_version=&#8221;4.16&#8243; _module_preset=&#8221;default&#8221; global_colors_info=&#8221;{}&#8221;][et_pb_fullwidth_slider _builder_version=&#8221;4.19.2&#8243; _dynamic_attributes=&#8221;link_option_url&#8221; _module_preset=&#8221;default&#8221; header_font=&#8221;Roboto|300|||||||&#8221; header_text_color=&#8221;#FFFFFF&#8221; header_font_size=&#8221;36px&#8221; header_letter_spacing=&#8221;-1px&#8221; background_color_gradient_direction=&#8221;87deg&#8221; background_color_gradient_start=&#8221;rgba(0,0,0,0.88)&#8221; background_color_gradient_end=&#8221;rgba(255,255,255,0)&#8221; background_image=&#8221;https:\/\/arcos.se\/wp-content\/uploads\/2022\/01\/specialprodukter_background_1.png&#8221; module_alignment=&#8221;center&#8221; min_height=&#8221;500px&#8221; height=&#8221;500px&#8221; max_height=&#8221;500px&#8221; link_option_url=&#8221;@ET-DC@eyJkeW5hbWljIjp0cnVlLCJjb250ZW50IjoicG9zdF9saW5rX3VybF9wYWdlIiwic2V0dGluZ3MiOnsicG9zdF9pZCI6IjUyIn19@&#8221; global_colors_info=&#8221;{}&#8221;][et_pb_slide heading=&#8221;Erikoistuotteet&#8221; _builder_version=&#8221;4.19.2&#8243; _module_preset=&#8221;default&#8221; header_level=&#8221;h2&#8243; header_text_align=&#8221;left&#8221; header_font_size=&#8221;36px&#8221; body_text_align=&#8221;left&#8221; body_line_height=&#8221;1.2em&#8221; global_colors_info=&#8221;{}&#8221; sticky_transition=&#8221;on&#8221;][\/et_pb_slide][\/et_pb_fullwidth_slider][\/et_pb_section][et_pb_section fb_built=&#8221;1&#8243; _builder_version=&#8221;4.16&#8243; _module_preset=&#8221;default&#8221; min_height=&#8221;509.4px&#8221; custom_padding=&#8221;60px|||||&#8221; global_colors_info=&#8221;{}&#8221;][et_pb_row column_structure=&#8221;1_2,1_2&#8243; _builder_version=&#8221;4.16&#8243; _module_preset=&#8221;default&#8221; min_height=&#8221;500.4px&#8221; global_colors_info=&#8221;{}&#8221;][et_pb_column type=&#8221;1_2&#8243; _builder_version=&#8221;4.16&#8243; _module_preset=&#8221;default&#8221; global_colors_info=&#8221;{}&#8221;][et_pb_image src=&#8221;https:\/\/arcos.se\/wp-content\/uploads\/2021\/12\/svivel-3d-5-768&#215;642-1.jpeg&#8221; title_text=&#8221;svivel-3d-5-768&#215;642&#8243; _builder_version=&#8221;4.16&#8243; _module_preset=&#8221;default&#8221; global_colors_info=&#8221;{}&#8221;][\/et_pb_image][\/et_pb_column][et_pb_column type=&#8221;1_2&#8243; _builder_version=&#8221;4.16&#8243; _module_preset=&#8221;default&#8221; global_colors_info=&#8221;{}&#8221;][et_pb_text _builder_version=&#8221;4.16&#8243; _module_preset=&#8221;default&#8221; text_font=&#8221;Roboto|700|||||||&#8221; text_text_color=&#8221;#000000&#8243; text_font_size=&#8221;18px&#8221; global_colors_info=&#8221;{}&#8221;]<\/p>\n<p class=\"p1\">Py\u00f6riv\u00e4t liittimet<\/p>\n<p>[\/et_pb_text][et_pb_text _builder_version=&#8221;4.16&#8243; _module_preset=&#8221;default&#8221; text_font=&#8221;Roboto|300|||||||&#8221; text_text_color=&#8221;#000000&#8243; text_font_size=&#8221;18px&#8221; text_line_height=&#8221;1.4em&#8221; global_colors_info=&#8221;{}&#8221;]<\/p>\n<p class=\"p1\"><span class=\"s1\">Tarjoamme teolliseen <\/span>k\u00e4ytt\u00f6\u00f6n py\u00f6rivi\u00e4 liittimi\u00e4.<\/p>\n<p class=\"p1\">Edut:<\/p>\n<ul class=\"ul1\">\n<li class=\"li4\"><span class=\"s2\"><\/span>Karkaistu akseli v\u00e4hent\u00e4\u00e4 kulumista<\/li>\n<li class=\"li4\"><span class=\"s2\"><\/span>Py\u00f6riv\u00e4\u00e4 liikett\u00e4 varten muotoillut tiivisteet lis\u00e4\u00e4v\u00e4t k\u00e4ytt\u00f6ik\u00e4\u00e4<\/li>\n<li class=\"li4\"><span class=\"s2\"><\/span>Kaksinkertaiset tiivisteet jokaisen kammion ymp\u00e4rill\u00e4 ja tiivisteiden v\u00e4liss\u00e4 \u00f6ljyvuotokanava<\/li>\n<li class=\"li4\"><span class=\"s2\"><\/span>Kytkin suojattu ep\u00e4puhtauksilta s\u00e4teistiivisteiden avulla<\/li>\n<li class=\"li5\"><span class=\"s3\"><\/span>Py\u00f6riv\u00e4 liitin toteutettu <span class=\"s1\">kuulalaakerein.<\/span><\/li>\n<\/ul>\n<p class=\"p3\">Tarvitsetko<span class=\"s4\"> <\/span><span class=\"s5\">py\u00f6rivi\u00e4 liittimi\u00e4 muissa <\/span>mitoissa tai muihin kiinnityksiin? Ota yhteytt\u00e4\u00a0meihin.<\/p>\n<p>[\/et_pb_text][\/et_pb_column][\/et_pb_row][\/et_pb_section][et_pb_section fb_built=&#8221;1&#8243; admin_label=&#8221;Service Section&#8221; _builder_version=&#8221;4.16&#8243; background_color=&#8221;RGBA(0,0,0,0)&#8221; background_color_gradient_start=&#8221;rgba(0,0,0,0.41)&#8221; background_color_gradient_end=&#8221;rgba(255,255,255,0)&#8221; background_image=&#8221;https:\/\/arcos.se\/wp-content\/uploads\/2021\/12\/arcos_background_darkblue.png&#8221; custom_padding=&#8221;90px|0px|90px|0px||&#8221; global_colors_info=&#8221;{}&#8221;][et_pb_row column_structure=&#8221;2_5,3_5&#8243; _builder_version=&#8221;4.16&#8243; _module_preset=&#8221;default&#8221; animation_style=&#8221;fade&#8221; global_colors_info=&#8221;{}&#8221;][et_pb_column type=&#8221;2_5&#8243; _builder_version=&#8221;4.16&#8243; _module_preset=&#8221;default&#8221; global_colors_info=&#8221;{}&#8221;][et_pb_text _builder_version=&#8221;4.16&#8243; _module_preset=&#8221;default&#8221; text_font=&#8221;Roboto||||||||&#8221; text_text_color=&#8221;#84CCD6&#8243; text_font_size=&#8221;24px&#8221; text_line_height=&#8221;1.3em&#8221; global_colors_info=&#8221;{}&#8221;]<\/p>\n<p class=\"p1\">Tilavuusvirran jakaja<\/p>\n<p>[\/et_pb_text][et_pb_text _builder_version=&#8221;4.16&#8243; _module_preset=&#8221;default&#8221; text_font=&#8221;Roboto||||||||&#8221; text_text_color=&#8221;#FFFFFF&#8221; text_font_size=&#8221;18px&#8221; text_line_height=&#8221;1.4em&#8221; global_colors_info=&#8221;{}&#8221;]<\/p>\n<p class=\"p1\">Arcos valmistaa virtauksen jakajia jopa nelj\u00e4n hydraulisylinterin tilavuuden synkronointiin.<\/p>\n<p class=\"p1\">Jakajia voidaan valmistaa jopa 4\u00d724 litran tilavuuksiin asti ja ne voidaan varustaa iskutilavuutta ohjaavilla antureilla.<\/p>\n<p>[\/et_pb_text][\/et_pb_column][et_pb_column type=&#8221;3_5&#8243; _builder_version=&#8221;4.16&#8243; _module_preset=&#8221;default&#8221; global_colors_info=&#8221;{}&#8221;][et_pb_text _builder_version=&#8221;4.16&#8243; _module_preset=&#8221;default&#8221; text_font=&#8221;Roboto||||||||&#8221; text_text_color=&#8221;#FFFFFF&#8221; text_font_size=&#8221;18px&#8221; text_line_height=&#8221;1.4em&#8221; global_colors_info=&#8221;{}&#8221;]<\/p>\n<div class=\"row col-md-11 col-lg-10 mx-auto column-container\">\n<div class=\"col-12 col-md-5 single-page-column match-height\">\n<p class=\"p1\">\n<\/div>\n<\/div>\n<p>[\/et_pb_text][\/et_pb_column][\/et_pb_row][\/et_pb_section]<\/p>\n","protected":false},"excerpt":{"rendered":"<p>Py\u00f6riv\u00e4t liittimetTarjoamme teolliseen k\u00e4ytt\u00f6\u00f6n py\u00f6rivi\u00e4 liittimi\u00e4. Edut: Karkaistu akseli v\u00e4hent\u00e4\u00e4 kulumista Py\u00f6riv\u00e4\u00e4 liikett\u00e4 varten muotoillut tiivisteet lis\u00e4\u00e4v\u00e4t k\u00e4ytt\u00f6ik\u00e4\u00e4 Kaksinkertaiset tiivisteet jokaisen kammion ymp\u00e4rill\u00e4 ja tiivisteiden v\u00e4liss\u00e4 \u00f6ljyvuotokanava Kytkin suojattu ep\u00e4puhtauksilta s\u00e4teistiivisteiden avulla Py\u00f6riv\u00e4 liitin toteutettu kuulalaakerein. Tarvitsetko py\u00f6rivi\u00e4 liittimi\u00e4 muissa mitoissa tai muihin kiinnityksiin? Ota yhteytt\u00e4\u00a0meihin.Tilavuusvirran jakajaArcos valmistaa virtauksen jakajia jopa nelj\u00e4n hydraulisylinterin tilavuuden synkronointiin. [&hellip;]<\/p>\n","protected":false},"author":5,"featured_media":0,"parent":0,"menu_order":0,"comment_status":"closed","ping_status":"closed","template":"","meta":{"_et_pb_use_builder":"on","_et_pb_old_content":"","_et_gb_content_width":"","footnotes":""},"class_list":["post-1915","page","type-page","status-publish","hentry"],"yoast_head":"<!-- This site is optimized with the Yoast SEO plugin v27.5 - https:\/\/yoast.com\/product\/yoast-seo-wordpress\/ -->\n<title>Erikoistuotteet - ARCOS<\/title>\n<meta name=\"robots\" content=\"index, follow, max-snippet:-1, max-image-preview:large, max-video-preview:-1\" \/>\n<link rel=\"canonical\" href=\"https:\/\/arcos.se\/fi\/erikoistuotteet\/\" \/>\n<meta property=\"og:locale\" content=\"fi_FI\" \/>\n<meta property=\"og:type\" content=\"article\" \/>\n<meta property=\"og:title\" content=\"Erikoistuotteet - ARCOS\" \/>\n<meta property=\"og:description\" content=\"Py\u00f6riv\u00e4t liittimetTarjoamme teolliseen k\u00e4ytt\u00f6\u00f6n py\u00f6rivi\u00e4 liittimi\u00e4. Edut: Karkaistu akseli v\u00e4hent\u00e4\u00e4 kulumista Py\u00f6riv\u00e4\u00e4 liikett\u00e4 varten muotoillut tiivisteet lis\u00e4\u00e4v\u00e4t k\u00e4ytt\u00f6ik\u00e4\u00e4 Kaksinkertaiset tiivisteet jokaisen kammion ymp\u00e4rill\u00e4 ja tiivisteiden v\u00e4liss\u00e4 \u00f6ljyvuotokanava Kytkin suojattu ep\u00e4puhtauksilta s\u00e4teistiivisteiden avulla Py\u00f6riv\u00e4 liitin toteutettu kuulalaakerein. Tarvitsetko py\u00f6rivi\u00e4 liittimi\u00e4 muissa mitoissa tai muihin kiinnityksiin? Ota yhteytt\u00e4\u00a0meihin.Tilavuusvirran jakajaArcos valmistaa virtauksen jakajia jopa nelj\u00e4n hydraulisylinterin tilavuuden synkronointiin. [&hellip;]\" \/>\n<meta property=\"og:url\" content=\"https:\/\/arcos.se\/fi\/erikoistuotteet\/\" \/>\n<meta property=\"og:site_name\" content=\"ARCOS\" \/>\n<meta property=\"article:modified_time\" content=\"2025-02-11T13:53:31+00:00\" \/>\n<meta name=\"twitter:card\" content=\"summary_large_image\" \/>\n<meta name=\"twitter:label1\" content=\"Arvioitu lukuaika\" \/>\n\t<meta name=\"twitter:data1\" content=\"4 minuuttia\" \/>\n<script type=\"application\/ld+json\" class=\"yoast-schema-graph\">{\"@context\":\"https:\\\/\\\/schema.org\",\"@graph\":[{\"@type\":\"WebPage\",\"@id\":\"https:\\\/\\\/arcos.se\\\/fi\\\/erikoistuotteet\\\/\",\"url\":\"https:\\\/\\\/arcos.se\\\/fi\\\/erikoistuotteet\\\/\",\"name\":\"Erikoistuotteet - ARCOS\",\"isPartOf\":{\"@id\":\"https:\\\/\\\/arcos.se\\\/fi\\\/#website\"},\"datePublished\":\"2021-12-13T14:33:25+00:00\",\"dateModified\":\"2025-02-11T13:53:31+00:00\",\"breadcrumb\":{\"@id\":\"https:\\\/\\\/arcos.se\\\/fi\\\/erikoistuotteet\\\/#breadcrumb\"},\"inLanguage\":\"fi\",\"potentialAction\":[{\"@type\":\"ReadAction\",\"target\":[\"https:\\\/\\\/arcos.se\\\/fi\\\/erikoistuotteet\\\/\"]}]},{\"@type\":\"BreadcrumbList\",\"@id\":\"https:\\\/\\\/arcos.se\\\/fi\\\/erikoistuotteet\\\/#breadcrumb\",\"itemListElement\":[{\"@type\":\"ListItem\",\"position\":1,\"name\":\"Hem\",\"item\":\"https:\\\/\\\/arcos.se\\\/fi\\\/\"},{\"@type\":\"ListItem\",\"position\":2,\"name\":\"Erikoistuotteet\"}]},{\"@type\":\"WebSite\",\"@id\":\"https:\\\/\\\/arcos.se\\\/fi\\\/#website\",\"url\":\"https:\\\/\\\/arcos.se\\\/fi\\\/\",\"name\":\"ARCOS\",\"description\":\"HYDRAULIC POWER \u2013 AT YOUR SERVICE\",\"publisher\":{\"@id\":\"https:\\\/\\\/arcos.se\\\/fi\\\/#organization\"},\"potentialAction\":[{\"@type\":\"SearchAction\",\"target\":{\"@type\":\"EntryPoint\",\"urlTemplate\":\"https:\\\/\\\/arcos.se\\\/fi\\\/?s={search_term_string}\"},\"query-input\":{\"@type\":\"PropertyValueSpecification\",\"valueRequired\":true,\"valueName\":\"search_term_string\"}}],\"inLanguage\":\"fi\"},{\"@type\":\"Organization\",\"@id\":\"https:\\\/\\\/arcos.se\\\/fi\\\/#organization\",\"name\":\"ARCOS\",\"url\":\"https:\\\/\\\/arcos.se\\\/fi\\\/\",\"logo\":{\"@type\":\"ImageObject\",\"inLanguage\":\"fi\",\"@id\":\"https:\\\/\\\/arcos.se\\\/fi\\\/#\\\/schema\\\/logo\\\/image\\\/\",\"url\":\"https:\\\/\\\/arcos.se\\\/wp-content\\\/uploads\\\/2021\\\/12\\\/Arcos-Original-1.png\",\"contentUrl\":\"https:\\\/\\\/arcos.se\\\/wp-content\\\/uploads\\\/2021\\\/12\\\/Arcos-Original-1.png\",\"width\":842,\"height\":391,\"caption\":\"ARCOS\"},\"image\":{\"@id\":\"https:\\\/\\\/arcos.se\\\/fi\\\/#\\\/schema\\\/logo\\\/image\\\/\"},\"sameAs\":[\"https:\\\/\\\/www.linkedin.com\\\/company\\\/arcos-hydraulik-ab\\\/\"]}]}<\/script>\n<!-- \/ Yoast SEO plugin. -->","yoast_head_json":{"title":"Erikoistuotteet - ARCOS","robots":{"index":"index","follow":"follow","max-snippet":"max-snippet:-1","max-image-preview":"max-image-preview:large","max-video-preview":"max-video-preview:-1"},"canonical":"https:\/\/arcos.se\/fi\/erikoistuotteet\/","og_locale":"fi_FI","og_type":"article","og_title":"Erikoistuotteet - ARCOS","og_description":"Py\u00f6riv\u00e4t liittimetTarjoamme teolliseen k\u00e4ytt\u00f6\u00f6n py\u00f6rivi\u00e4 liittimi\u00e4. Edut: Karkaistu akseli v\u00e4hent\u00e4\u00e4 kulumista Py\u00f6riv\u00e4\u00e4 liikett\u00e4 varten muotoillut tiivisteet lis\u00e4\u00e4v\u00e4t k\u00e4ytt\u00f6ik\u00e4\u00e4 Kaksinkertaiset tiivisteet jokaisen kammion ymp\u00e4rill\u00e4 ja tiivisteiden v\u00e4liss\u00e4 \u00f6ljyvuotokanava Kytkin suojattu ep\u00e4puhtauksilta s\u00e4teistiivisteiden avulla Py\u00f6riv\u00e4 liitin toteutettu kuulalaakerein. Tarvitsetko py\u00f6rivi\u00e4 liittimi\u00e4 muissa mitoissa tai muihin kiinnityksiin? Ota yhteytt\u00e4\u00a0meihin.Tilavuusvirran jakajaArcos valmistaa virtauksen jakajia jopa nelj\u00e4n hydraulisylinterin tilavuuden synkronointiin. [&hellip;]","og_url":"https:\/\/arcos.se\/fi\/erikoistuotteet\/","og_site_name":"ARCOS","article_modified_time":"2025-02-11T13:53:31+00:00","twitter_card":"summary_large_image","twitter_misc":{"Arvioitu lukuaika":"4 minuuttia"},"schema":{"@context":"https:\/\/schema.org","@graph":[{"@type":"WebPage","@id":"https:\/\/arcos.se\/fi\/erikoistuotteet\/","url":"https:\/\/arcos.se\/fi\/erikoistuotteet\/","name":"Erikoistuotteet - ARCOS","isPartOf":{"@id":"https:\/\/arcos.se\/fi\/#website"},"datePublished":"2021-12-13T14:33:25+00:00","dateModified":"2025-02-11T13:53:31+00:00","breadcrumb":{"@id":"https:\/\/arcos.se\/fi\/erikoistuotteet\/#breadcrumb"},"inLanguage":"fi","potentialAction":[{"@type":"ReadAction","target":["https:\/\/arcos.se\/fi\/erikoistuotteet\/"]}]},{"@type":"BreadcrumbList","@id":"https:\/\/arcos.se\/fi\/erikoistuotteet\/#breadcrumb","itemListElement":[{"@type":"ListItem","position":1,"name":"Hem","item":"https:\/\/arcos.se\/fi\/"},{"@type":"ListItem","position":2,"name":"Erikoistuotteet"}]},{"@type":"WebSite","@id":"https:\/\/arcos.se\/fi\/#website","url":"https:\/\/arcos.se\/fi\/","name":"ARCOS","description":"HYDRAULIC POWER \u2013 AT YOUR SERVICE","publisher":{"@id":"https:\/\/arcos.se\/fi\/#organization"},"potentialAction":[{"@type":"SearchAction","target":{"@type":"EntryPoint","urlTemplate":"https:\/\/arcos.se\/fi\/?s={search_term_string}"},"query-input":{"@type":"PropertyValueSpecification","valueRequired":true,"valueName":"search_term_string"}}],"inLanguage":"fi"},{"@type":"Organization","@id":"https:\/\/arcos.se\/fi\/#organization","name":"ARCOS","url":"https:\/\/arcos.se\/fi\/","logo":{"@type":"ImageObject","inLanguage":"fi","@id":"https:\/\/arcos.se\/fi\/#\/schema\/logo\/image\/","url":"https:\/\/arcos.se\/wp-content\/uploads\/2021\/12\/Arcos-Original-1.png","contentUrl":"https:\/\/arcos.se\/wp-content\/uploads\/2021\/12\/Arcos-Original-1.png","width":842,"height":391,"caption":"ARCOS"},"image":{"@id":"https:\/\/arcos.se\/fi\/#\/schema\/logo\/image\/"},"sameAs":["https:\/\/www.linkedin.com\/company\/arcos-hydraulik-ab\/"]}]}},"_links":{"self":[{"href":"https:\/\/arcos.se\/fi\/wp-json\/wp\/v2\/pages\/1915","targetHints":{"allow":["GET"]}}],"collection":[{"href":"https:\/\/arcos.se\/fi\/wp-json\/wp\/v2\/pages"}],"about":[{"href":"https:\/\/arcos.se\/fi\/wp-json\/wp\/v2\/types\/page"}],"author":[{"embeddable":true,"href":"https:\/\/arcos.se\/fi\/wp-json\/wp\/v2\/users\/5"}],"replies":[{"embeddable":true,"href":"https:\/\/arcos.se\/fi\/wp-json\/wp\/v2\/comments?post=1915"}],"version-history":[{"count":9,"href":"https:\/\/arcos.se\/fi\/wp-json\/wp\/v2\/pages\/1915\/revisions"}],"predecessor-version":[{"id":6418,"href":"https:\/\/arcos.se\/fi\/wp-json\/wp\/v2\/pages\/1915\/revisions\/6418"}],"wp:attachment":[{"href":"https:\/\/arcos.se\/fi\/wp-json\/wp\/v2\/media?parent=1915"}],"curies":[{"name":"wp","href":"https:\/\/api.w.org\/{rel}","templated":true}]}}