{"id":1910,"date":"2021-12-13T14:17:03","date_gmt":"2021-12-13T14:17:03","guid":{"rendered":"https:\/\/arcos.flywheelsites.com\/?page_id=1910"},"modified":"2024-10-31T10:15:48","modified_gmt":"2024-10-31T10:15:48","slug":"varaosat","status":"publish","type":"page","link":"https:\/\/arcos.se\/fi\/varaosat\/","title":{"rendered":"Varaosat"},"content":{"rendered":"<p>[et_pb_section fb_built=&#8221;1&#8243; fullwidth=&#8221;on&#8221; disabled_on=&#8221;on|off|off&#8221; _builder_version=&#8221;4.16&#8243; _module_preset=&#8221;default&#8221; background_enable_color=&#8221;off&#8221; background_enable_image=&#8221;off&#8221; saved_tabs=&#8221;all&#8221; global_colors_info=&#8221;{}&#8221;][et_pb_fullwidth_slider _builder_version=&#8221;4.16&#8243; _module_preset=&#8221;default&#8221; header_font=&#8221;Roboto|300|||||||&#8221; header_font_size=&#8221;60px&#8221; body_font=&#8221;|300|||||||&#8221; body_font_size=&#8221;18px&#8221; background_color_gradient_direction=&#8221;98deg&#8221; background_color_gradient_start=&#8221;#000000&#8243; background_color_gradient_end=&#8221;rgba(255,255,255,0)&#8221; background_image=&#8221;https:\/\/arcos.se\/wp-content\/uploads\/2022\/02\/reservdelar-2.png&#8221; module_alignment=&#8221;center&#8221; min_height=&#8221;600px&#8221; height=&#8221;600px&#8221; max_height=&#8221;600px&#8221; custom_padding=&#8221;230px||||false|false&#8221; global_colors_info=&#8221;{}&#8221;][et_pb_slide heading=&#8221;Varaosat&#8221; _builder_version=&#8221;4.16&#8243; _module_preset=&#8221;default&#8221; header_text_align=&#8221;left&#8221; header_font_size=&#8221;58px&#8221; body_font=&#8221;Roboto||||||||&#8221; body_text_align=&#8221;left&#8221; body_font_size=&#8221;18px&#8221; body_line_height=&#8221;1.4em&#8221; width=&#8221;70%&#8221; max_width=&#8221;70%&#8221; global_colors_info=&#8221;{}&#8221; sticky_transition=&#8221;on&#8221;][\/et_pb_slide][\/et_pb_fullwidth_slider][\/et_pb_section][et_pb_section fb_built=&#8221;1&#8243; fullwidth=&#8221;on&#8221; disabled_on=&#8221;off|on|on&#8221; _builder_version=&#8221;4.16&#8243; _module_preset=&#8221;default&#8221; background_image=&#8221;https:\/\/arcos.se\/wp-content\/uploads\/2021\/12\/reservdel_arcos_blue.png&#8221; saved_tabs=&#8221;all&#8221; global_colors_info=&#8221;{}&#8221;][et_pb_fullwidth_slider _builder_version=&#8221;4.16&#8243; _dynamic_attributes=&#8221;link_option_url&#8221; _module_preset=&#8221;default&#8221; header_font=&#8221;Roboto|300|||||||&#8221; header_font_size=&#8221;60px&#8221; body_font=&#8221;|300|||||||&#8221; body_font_size=&#8221;16px&#8221; background_color_gradient_direction=&#8221;99deg&#8221; background_color_gradient_start=&#8221;#000000&#8243; background_color_gradient_end=&#8221;rgba(255,255,255,0)&#8221; background_image=&#8221;https:\/\/arcos.se\/wp-content\/uploads\/2022\/02\/reservdelar-2.png&#8221; module_alignment=&#8221;center&#8221; min_height=&#8221;500px&#8221; link_option_url=&#8221;@ET-DC@eyJkeW5hbWljIjp0cnVlLCJjb250ZW50IjoicG9zdF9saW5rX3VybF9wYWdlIiwic2V0dGluZ3MiOnsicG9zdF9pZCI6IjUyIn19@&#8221; global_colors_info=&#8221;{}&#8221;][et_pb_slide heading=&#8221;Varaosat&#8221; _builder_version=&#8221;4.16&#8243; _module_preset=&#8221;default&#8221; header_text_align=&#8221;left&#8221; header_font_size=&#8221;36px&#8221; body_text_align=&#8221;left&#8221; body_line_height=&#8221;1.5em&#8221; global_colors_info=&#8221;{}&#8221; sticky_transition=&#8221;on&#8221;][\/et_pb_slide][\/et_pb_fullwidth_slider][\/et_pb_section][et_pb_section fb_built=&#8221;1&#8243; admin_label=&#8221;Service Section&#8221; _builder_version=&#8221;4.16&#8243; background_color=&#8221;RGBA(0,0,0,0)&#8221; background_color_gradient_start=&#8221;#003764&#8243; background_color_gradient_end=&#8221;#84ccd6&#8243; background_enable_image=&#8221;off&#8221; custom_padding=&#8221;30px|0px|90px|0px|false|false&#8221; global_colors_info=&#8221;{}&#8221;][et_pb_row column_structure=&#8221;2_3,1_3&#8243; _builder_version=&#8221;4.16&#8243; _module_preset=&#8221;default&#8221; global_colors_info=&#8221;{}&#8221;][et_pb_column type=&#8221;2_3&#8243; _builder_version=&#8221;4.16&#8243; _module_preset=&#8221;default&#8221; global_colors_info=&#8221;{}&#8221;][et_pb_text _builder_version=&#8221;4.16&#8243; _module_preset=&#8221;default&#8221; text_font=&#8221;Roboto|300|||||||&#8221; text_text_color=&#8221;#000000&#8243; text_font_size=&#8221;18px&#8221; text_line_height=&#8221;1.4em&#8221; width=&#8221;100%&#8221; global_colors_info=&#8221;{}&#8221;]<\/p>\n<p class=\"p1\">Tuotevalikoimaamme kuuluvat tiivistesarjat ja varaosat kaikkiin suunnittelemiimme sylintereihin ja tarvittaessa autamme my\u00f6s muiden sylinterivalmistajien varaosien hankinnassa.<\/p>\n<p>[\/et_pb_text][\/et_pb_column][et_pb_column type=&#8221;1_3&#8243; _builder_version=&#8221;4.16&#8243; _module_preset=&#8221;default&#8221; global_colors_info=&#8221;{}&#8221;][\/et_pb_column][\/et_pb_row][et_pb_row _builder_version=&#8221;4.16&#8243; _module_preset=&#8221;default&#8221; custom_padding=&#8221;||0px|||&#8221; global_colors_info=&#8221;{}&#8221;][et_pb_column type=&#8221;4_4&#8243; _builder_version=&#8221;4.16&#8243; _module_preset=&#8221;default&#8221; global_colors_info=&#8221;{}&#8221;][et_pb_text _builder_version=&#8221;4.16&#8243; _module_preset=&#8221;default&#8221; text_font=&#8221;Roboto|300|||||||&#8221; text_text_color=&#8221;#000000&#8243; text_font_size=&#8221;36px&#8221; header_font=&#8221;Roboto|300|||||||&#8221; header_font_size=&#8221;35px&#8221; min_height=&#8221;46px&#8221; global_colors_info=&#8221;{}&#8221;]<\/p>\n<p class=\"p1\">Varastointi<\/p>\n<p>[\/et_pb_text][\/et_pb_column][\/et_pb_row][et_pb_row column_structure=&#8221;2_3,1_3&#8243; _builder_version=&#8221;4.16&#8243; _module_preset=&#8221;default&#8221; animation_style=&#8221;fade&#8221; global_colors_info=&#8221;{}&#8221;][et_pb_column type=&#8221;2_3&#8243; _builder_version=&#8221;4.16&#8243; _module_preset=&#8221;default&#8221; global_colors_info=&#8221;{}&#8221;][et_pb_text _builder_version=&#8221;4.16&#8243; _module_preset=&#8221;default&#8221; text_font=&#8221;Roboto|300|||||||&#8221; text_text_color=&#8221;#000000&#8243; text_font_size=&#8221;18px&#8221; text_line_height=&#8221;1.4em&#8221; width=&#8221;100%&#8221; global_colors_info=&#8221;{}&#8221;]<\/p>\n<p class=\"p1\">Saatavuus ja nopeat toimitukset ovat t\u00e4rkeit\u00e4 asiakkaillemme. T\u00e4m\u00e4n vuoksi varastoimme varaosia tehtaallamme Nastolassa ja olemme luoneet toimivat suhteet tavarantoimittajiin.<\/p>\n<p class=\"p1\"><b>Myymme mm.:<\/b><\/p>\n<p class=\"p1\"><span class=\"s1\"><b>\u221a<\/b><\/span>\u00a0T\u00e4ydelliset tiivistesarjat<\/p>\n<p class=\"p1\"><span class=\"s1\"><b>\u221a<\/b><\/span>\u00a0M\u00e4nn\u00e4t<\/p>\n<p class=\"p1\"><span class=\"s1\"><b>\u221a<\/b><\/span>\u00a0M\u00e4nn\u00e4n varret<\/p>\n<p class=\"p1\"><span class=\"s1\"><b>\u221a<\/b><\/span>\u00a0Akselitapit<\/p>\n<p class=\"p1\"><span class=\"s1\"><b>\u221a<\/b><\/span>\u00a0Tiiviste- ja kulutusosasarjat<\/p>\n<p>[\/et_pb_text][\/et_pb_column][et_pb_column type=&#8221;1_3&#8243; _builder_version=&#8221;4.16&#8243; _module_preset=&#8221;default&#8221; global_colors_info=&#8221;{}&#8221;][\/et_pb_column][\/et_pb_row][\/et_pb_section]<\/p>\n","protected":false},"excerpt":{"rendered":"<p>Tuotevalikoimaamme kuuluvat tiivistesarjat ja varaosat kaikkiin suunnittelemiimme sylintereihin ja tarvittaessa autamme my\u00f6s muiden sylinterivalmistajien varaosien hankinnassa.VarastointiSaatavuus ja nopeat toimitukset ovat t\u00e4rkeit\u00e4 asiakkaillemme. T\u00e4m\u00e4n vuoksi varastoimme varaosia tehtaallamme Nastolassa ja olemme luoneet toimivat suhteet tavarantoimittajiin. Myymme mm.: \u221a\u00a0T\u00e4ydelliset tiivistesarjat \u221a\u00a0M\u00e4nn\u00e4t \u221a\u00a0M\u00e4nn\u00e4n varret \u221a\u00a0Akselitapit \u221a\u00a0Tiiviste- ja kulutusosasarjat<\/p>\n","protected":false},"author":5,"featured_media":0,"parent":0,"menu_order":0,"comment_status":"closed","ping_status":"closed","template":"","meta":{"_et_pb_use_builder":"on","_et_pb_old_content":"","_et_gb_content_width":"","footnotes":""},"class_list":["post-1910","page","type-page","status-publish","hentry"],"yoast_head":"<!-- This site is optimized with the Yoast SEO plugin v27.2 - https:\/\/yoast.com\/product\/yoast-seo-wordpress\/ -->\n<title>Varaosat - ARCOS<\/title>\n<meta name=\"robots\" content=\"index, follow, max-snippet:-1, max-image-preview:large, max-video-preview:-1\" \/>\n<link rel=\"canonical\" href=\"https:\/\/arcos.se\/fi\/varaosat\/\" \/>\n<meta property=\"og:locale\" content=\"fi_FI\" \/>\n<meta property=\"og:type\" content=\"article\" \/>\n<meta property=\"og:title\" content=\"Varaosat - ARCOS\" \/>\n<meta property=\"og:description\" content=\"Tuotevalikoimaamme kuuluvat tiivistesarjat ja varaosat kaikkiin suunnittelemiimme sylintereihin ja tarvittaessa autamme my\u00f6s muiden sylinterivalmistajien varaosien hankinnassa.VarastointiSaatavuus ja nopeat toimitukset ovat t\u00e4rkeit\u00e4 asiakkaillemme. T\u00e4m\u00e4n vuoksi varastoimme varaosia tehtaallamme Nastolassa ja olemme luoneet toimivat suhteet tavarantoimittajiin. Myymme mm.: \u221a\u00a0T\u00e4ydelliset tiivistesarjat \u221a\u00a0M\u00e4nn\u00e4t \u221a\u00a0M\u00e4nn\u00e4n varret \u221a\u00a0Akselitapit \u221a\u00a0Tiiviste- ja kulutusosasarjat\" \/>\n<meta property=\"og:url\" content=\"https:\/\/arcos.se\/fi\/varaosat\/\" \/>\n<meta property=\"og:site_name\" content=\"ARCOS\" \/>\n<meta property=\"article:modified_time\" content=\"2024-10-31T10:15:48+00:00\" \/>\n<meta name=\"twitter:card\" content=\"summary_large_image\" \/>\n<meta name=\"twitter:label1\" content=\"Arvioitu lukuaika\" \/>\n\t<meta name=\"twitter:data1\" content=\"3 minuuttia\" \/>\n<script type=\"application\/ld+json\" class=\"yoast-schema-graph\">{\"@context\":\"https:\/\/schema.org\",\"@graph\":[{\"@type\":\"WebPage\",\"@id\":\"https:\/\/arcos.se\/fi\/varaosat\/\",\"url\":\"https:\/\/arcos.se\/fi\/varaosat\/\",\"name\":\"Varaosat - ARCOS\",\"isPartOf\":{\"@id\":\"https:\/\/arcos.se\/fi\/#website\"},\"datePublished\":\"2021-12-13T14:17:03+00:00\",\"dateModified\":\"2024-10-31T10:15:48+00:00\",\"breadcrumb\":{\"@id\":\"https:\/\/arcos.se\/fi\/varaosat\/#breadcrumb\"},\"inLanguage\":\"fi\",\"potentialAction\":[{\"@type\":\"ReadAction\",\"target\":[\"https:\/\/arcos.se\/fi\/varaosat\/\"]}]},{\"@type\":\"BreadcrumbList\",\"@id\":\"https:\/\/arcos.se\/fi\/varaosat\/#breadcrumb\",\"itemListElement\":[{\"@type\":\"ListItem\",\"position\":1,\"name\":\"Hem\",\"item\":\"https:\/\/arcos.se\/fi\/\"},{\"@type\":\"ListItem\",\"position\":2,\"name\":\"Varaosat\"}]},{\"@type\":\"WebSite\",\"@id\":\"https:\/\/arcos.se\/fi\/#website\",\"url\":\"https:\/\/arcos.se\/fi\/\",\"name\":\"ARCOS\",\"description\":\"HYDRAULIC POWER \u2013 AT YOUR SERVICE\",\"publisher\":{\"@id\":\"https:\/\/arcos.se\/fi\/#organization\"},\"potentialAction\":[{\"@type\":\"SearchAction\",\"target\":{\"@type\":\"EntryPoint\",\"urlTemplate\":\"https:\/\/arcos.se\/fi\/?s={search_term_string}\"},\"query-input\":{\"@type\":\"PropertyValueSpecification\",\"valueRequired\":true,\"valueName\":\"search_term_string\"}}],\"inLanguage\":\"fi\"},{\"@type\":\"Organization\",\"@id\":\"https:\/\/arcos.se\/fi\/#organization\",\"name\":\"ARCOS\",\"url\":\"https:\/\/arcos.se\/fi\/\",\"logo\":{\"@type\":\"ImageObject\",\"inLanguage\":\"fi\",\"@id\":\"https:\/\/arcos.se\/fi\/#\/schema\/logo\/image\/\",\"url\":\"https:\/\/arcos.se\/wp-content\/uploads\/2021\/12\/Arcos-Original-1.png\",\"contentUrl\":\"https:\/\/arcos.se\/wp-content\/uploads\/2021\/12\/Arcos-Original-1.png\",\"width\":842,\"height\":391,\"caption\":\"ARCOS\"},\"image\":{\"@id\":\"https:\/\/arcos.se\/fi\/#\/schema\/logo\/image\/\"},\"sameAs\":[\"https:\/\/www.linkedin.com\/company\/arcos-hydraulik-ab\/\"]}]}<\/script>\n<!-- \/ Yoast SEO plugin. -->","yoast_head_json":{"title":"Varaosat - ARCOS","robots":{"index":"index","follow":"follow","max-snippet":"max-snippet:-1","max-image-preview":"max-image-preview:large","max-video-preview":"max-video-preview:-1"},"canonical":"https:\/\/arcos.se\/fi\/varaosat\/","og_locale":"fi_FI","og_type":"article","og_title":"Varaosat - ARCOS","og_description":"Tuotevalikoimaamme kuuluvat tiivistesarjat ja varaosat kaikkiin suunnittelemiimme sylintereihin ja tarvittaessa autamme my\u00f6s muiden sylinterivalmistajien varaosien hankinnassa.VarastointiSaatavuus ja nopeat toimitukset ovat t\u00e4rkeit\u00e4 asiakkaillemme. T\u00e4m\u00e4n vuoksi varastoimme varaosia tehtaallamme Nastolassa ja olemme luoneet toimivat suhteet tavarantoimittajiin. Myymme mm.: \u221a\u00a0T\u00e4ydelliset tiivistesarjat \u221a\u00a0M\u00e4nn\u00e4t \u221a\u00a0M\u00e4nn\u00e4n varret \u221a\u00a0Akselitapit \u221a\u00a0Tiiviste- ja kulutusosasarjat","og_url":"https:\/\/arcos.se\/fi\/varaosat\/","og_site_name":"ARCOS","article_modified_time":"2024-10-31T10:15:48+00:00","twitter_card":"summary_large_image","twitter_misc":{"Arvioitu lukuaika":"3 minuuttia"},"schema":{"@context":"https:\/\/schema.org","@graph":[{"@type":"WebPage","@id":"https:\/\/arcos.se\/fi\/varaosat\/","url":"https:\/\/arcos.se\/fi\/varaosat\/","name":"Varaosat - ARCOS","isPartOf":{"@id":"https:\/\/arcos.se\/fi\/#website"},"datePublished":"2021-12-13T14:17:03+00:00","dateModified":"2024-10-31T10:15:48+00:00","breadcrumb":{"@id":"https:\/\/arcos.se\/fi\/varaosat\/#breadcrumb"},"inLanguage":"fi","potentialAction":[{"@type":"ReadAction","target":["https:\/\/arcos.se\/fi\/varaosat\/"]}]},{"@type":"BreadcrumbList","@id":"https:\/\/arcos.se\/fi\/varaosat\/#breadcrumb","itemListElement":[{"@type":"ListItem","position":1,"name":"Hem","item":"https:\/\/arcos.se\/fi\/"},{"@type":"ListItem","position":2,"name":"Varaosat"}]},{"@type":"WebSite","@id":"https:\/\/arcos.se\/fi\/#website","url":"https:\/\/arcos.se\/fi\/","name":"ARCOS","description":"HYDRAULIC POWER \u2013 AT YOUR SERVICE","publisher":{"@id":"https:\/\/arcos.se\/fi\/#organization"},"potentialAction":[{"@type":"SearchAction","target":{"@type":"EntryPoint","urlTemplate":"https:\/\/arcos.se\/fi\/?s={search_term_string}"},"query-input":{"@type":"PropertyValueSpecification","valueRequired":true,"valueName":"search_term_string"}}],"inLanguage":"fi"},{"@type":"Organization","@id":"https:\/\/arcos.se\/fi\/#organization","name":"ARCOS","url":"https:\/\/arcos.se\/fi\/","logo":{"@type":"ImageObject","inLanguage":"fi","@id":"https:\/\/arcos.se\/fi\/#\/schema\/logo\/image\/","url":"https:\/\/arcos.se\/wp-content\/uploads\/2021\/12\/Arcos-Original-1.png","contentUrl":"https:\/\/arcos.se\/wp-content\/uploads\/2021\/12\/Arcos-Original-1.png","width":842,"height":391,"caption":"ARCOS"},"image":{"@id":"https:\/\/arcos.se\/fi\/#\/schema\/logo\/image\/"},"sameAs":["https:\/\/www.linkedin.com\/company\/arcos-hydraulik-ab\/"]}]}},"_links":{"self":[{"href":"https:\/\/arcos.se\/fi\/wp-json\/wp\/v2\/pages\/1910","targetHints":{"allow":["GET"]}}],"collection":[{"href":"https:\/\/arcos.se\/fi\/wp-json\/wp\/v2\/pages"}],"about":[{"href":"https:\/\/arcos.se\/fi\/wp-json\/wp\/v2\/types\/page"}],"author":[{"embeddable":true,"href":"https:\/\/arcos.se\/fi\/wp-json\/wp\/v2\/users\/5"}],"replies":[{"embeddable":true,"href":"https:\/\/arcos.se\/fi\/wp-json\/wp\/v2\/comments?post=1910"}],"version-history":[{"count":10,"href":"https:\/\/arcos.se\/fi\/wp-json\/wp\/v2\/pages\/1910\/revisions"}],"predecessor-version":[{"id":6204,"href":"https:\/\/arcos.se\/fi\/wp-json\/wp\/v2\/pages\/1910\/revisions\/6204"}],"wp:attachment":[{"href":"https:\/\/arcos.se\/fi\/wp-json\/wp\/v2\/media?parent=1910"}],"curies":[{"name":"wp","href":"https:\/\/api.w.org\/{rel}","templated":true}]}}