{"id":1907,"date":"2021-12-13T14:07:42","date_gmt":"2021-12-13T14:07:42","guid":{"rendered":"https:\/\/arcos.flywheelsites.com\/?page_id=1907"},"modified":"2024-10-31T09:54:06","modified_gmt":"2024-10-31T09:54:06","slug":"sylinterien-korjaus","status":"publish","type":"page","link":"https:\/\/arcos.se\/fi\/sylinterien-korjaus\/","title":{"rendered":"Sylinterien korjaus"},"content":{"rendered":"<p>[et_pb_section fb_built=&#8221;1&#8243; fullwidth=&#8221;on&#8221; _builder_version=&#8221;4.16&#8243; _module_preset=&#8221;default&#8221; global_colors_info=&#8221;{}&#8221;][et_pb_fullwidth_slider disabled_on=&#8221;on|off|off&#8221; _builder_version=&#8221;4.27.2&#8243; _module_preset=&#8221;default&#8221; header_font=&#8221;Roboto|300|||||||&#8221; header_font_size=&#8221;60px&#8221; body_font=&#8221;|300|||||||&#8221; body_font_size=&#8221;18px&#8221; background_color_gradient_direction=&#8221;98deg&#8221; background_color_gradient_start=&#8221;#000000&#8243; background_color_gradient_end=&#8221;rgba(255,255,255,0)&#8221; background_image=&#8221;https:\/\/arcos.se\/wp-content\/uploads\/2024\/10\/Arcos-Borlange-augusti-94-of-95&#8211;scaled.jpg&#8221; module_alignment=&#8221;center&#8221; min_height=&#8221;600px&#8221; height=&#8221;600px&#8221; max_height=&#8221;600px&#8221; custom_padding=&#8221;230px||||false|false&#8221; hover_enabled=&#8221;0&#8243; global_colors_info=&#8221;{}&#8221; title_text=&#8221;Arcos Borl\u00e4nge augusti (94 of 95)&#8221; sticky_enabled=&#8221;0&#8243;][et_pb_slide heading=&#8221;Sylinterien korjaus&#8221; _builder_version=&#8221;4.16&#8243; _module_preset=&#8221;default&#8221; header_text_align=&#8221;left&#8221; header_font_size=&#8221;58px&#8221; body_font=&#8221;Roboto||||||||&#8221; body_text_align=&#8221;left&#8221; body_font_size=&#8221;18px&#8221; body_line_height=&#8221;1.4em&#8221; width=&#8221;70%&#8221; max_width=&#8221;70%&#8221; global_colors_info=&#8221;{}&#8221; sticky_transition=&#8221;on&#8221;][\/et_pb_slide][\/et_pb_fullwidth_slider][\/et_pb_section][et_pb_section fb_built=&#8221;1&#8243; fullwidth=&#8221;on&#8221; disabled_on=&#8221;off|on|on&#8221; _builder_version=&#8221;4.16&#8243; _module_preset=&#8221;default&#8221; saved_tabs=&#8221;all&#8221; global_colors_info=&#8221;{}&#8221;][et_pb_fullwidth_slider _builder_version=&#8221;4.27.2&#8243; _dynamic_attributes=&#8221;link_option_url&#8221; _module_preset=&#8221;default&#8221; header_font=&#8221;Roboto|300|||||||&#8221; header_font_size=&#8221;69px&#8221; background_color_gradient_direction=&#8221;89deg&#8221; background_color_gradient_start=&#8221;#000000&#8243; background_color_gradient_end=&#8221;rgba(255,255,255,0)&#8221; background_image=&#8221;https:\/\/arcos.se\/wp-content\/uploads\/2024\/10\/Arcos-Borlange-augusti-94-of-95&#8211;scaled.jpg&#8221; background_position=&#8221;bottom_right&#8221; module_alignment=&#8221;center&#8221; min_height=&#8221;500px&#8221; height=&#8221;500px&#8221; max_height=&#8221;500px&#8221; link_option_url=&#8221;@ET-DC@eyJkeW5hbWljIjp0cnVlLCJjb250ZW50IjoicG9zdF9saW5rX3VybF9wYWdlIiwic2V0dGluZ3MiOnsicG9zdF9pZCI6IjUyIn19@&#8221; hover_enabled=&#8221;0&#8243; global_colors_info=&#8221;{}&#8221; title_text=&#8221;Arcos Borl\u00e4nge augusti (94 of 95)&#8221; sticky_enabled=&#8221;0&#8243;][et_pb_slide heading=&#8221;Sylinterien korjaus&#8221; _builder_version=&#8221;4.16&#8243; _module_preset=&#8221;default&#8221; header_text_align=&#8221;left&#8221; header_font_size=&#8221;36px&#8221; body_text_align=&#8221;left&#8221; body_line_height=&#8221;1.5em&#8221; global_colors_info=&#8221;{}&#8221; sticky_transition=&#8221;on&#8221;][\/et_pb_slide][\/et_pb_fullwidth_slider][\/et_pb_section][et_pb_section fb_built=&#8221;1&#8243; admin_label=&#8221;Service Section&#8221; _builder_version=&#8221;4.16&#8243; background_color=&#8221;RGBA(0,0,0,0)&#8221; background_color_gradient_start=&#8221;#003764&#8243; background_color_gradient_end=&#8221;#84ccd6&#8243; background_enable_image=&#8221;off&#8221; custom_margin=&#8221;-58px||||false|false&#8221; custom_padding=&#8221;90px|0px|90px|0px||&#8221; global_colors_info=&#8221;{}&#8221;][et_pb_row _builder_version=&#8221;4.16&#8243; _module_preset=&#8221;default&#8221; custom_margin=&#8221;-6px||||false|false&#8221; custom_padding=&#8221;||0px|||&#8221; global_colors_info=&#8221;{}&#8221;][et_pb_column type=&#8221;4_4&#8243; _builder_version=&#8221;4.16&#8243; _module_preset=&#8221;default&#8221; custom_padding=&#8221;||20px||false|false&#8221; global_colors_info=&#8221;{}&#8221;][et_pb_text _builder_version=&#8221;4.16&#8243; _module_preset=&#8221;default&#8221; text_font=&#8221;Roboto|300|||||||&#8221; text_text_color=&#8221;#000000&#8243; text_font_size=&#8221;36px&#8221; text_line_height=&#8221;1.2em&#8221; header_font=&#8221;Roboto|300|||||||&#8221; header_font_size=&#8221;35px&#8221; min_height=&#8221;46px&#8221; global_colors_info=&#8221;{}&#8221;]<\/p>\n<p class=\"p1\">Sylinterien kunnostus<\/p>\n<p>[\/et_pb_text][\/et_pb_column][\/et_pb_row][et_pb_row column_structure=&#8221;1_3,1_3,1_3&#8243; _builder_version=&#8221;4.16&#8243; _module_preset=&#8221;default&#8221; animation_style=&#8221;fade&#8221; global_colors_info=&#8221;{}&#8221;][et_pb_column type=&#8221;1_3&#8243; _builder_version=&#8221;4.16&#8243; _module_preset=&#8221;default&#8221; global_colors_info=&#8221;{}&#8221;][et_pb_text _builder_version=&#8221;4.16&#8243; _module_preset=&#8221;default&#8221; text_font=&#8221;Roboto|300|||||||&#8221; text_text_color=&#8221;#000000&#8243; text_font_size=&#8221;18px&#8221; text_line_height=&#8221;1.4em&#8221; global_colors_info=&#8221;{}&#8221;]<\/p>\n<p class=\"p1\">Kunnostamme sylinterit valmistajasta riippumatta.<\/p>\n<p class=\"p1\">Ennen kunnostusta tarkastamme sylinterin ja k\u00e4ymme sylinterin dokumentoidun kunnon l\u00e4pi yhdess\u00e4 asiakkaan kanssa. Ehdotamme tarvittaessa parannuksia ja teemme p\u00e4ivitykset sopimuksen mukaan.<\/p>\n<p>[\/et_pb_text][et_pb_text _builder_version=&#8221;4.16&#8243; _module_preset=&#8221;default&#8221; text_font=&#8221;Roboto|700|||||||&#8221; text_text_color=&#8221;#000000&#8243; text_font_size=&#8221;18px&#8221; text_line_height=&#8221;1.3em&#8221; global_colors_info=&#8221;{}&#8221;]<\/p>\n<p class=\"p1\">Miksi kunnostaa?<\/p>\n<p>[\/et_pb_text][et_pb_text _builder_version=&#8221;4.16&#8243; _module_preset=&#8221;default&#8221; text_font=&#8221;Roboto|300|||||||&#8221; text_text_color=&#8221;#000000&#8243; text_font_size=&#8221;18px&#8221; text_line_height=&#8221;1.4em&#8221; global_colors_info=&#8221;{}&#8221;]<\/p>\n<p class=\"p1\">Arcosin valmistamat sylinterit on suunniteltu palvelemaan pitk\u00e4\u00e4n. Hydraulisylinterin kunnostaminen on usein kustannustehokkaampaa kuin uuden rakentaminen. Se on my\u00f6s ymp\u00e4rist\u00f6yst\u00e4v\u00e4llist\u00e4 ja tukee kest\u00e4v\u00e4\u00e4 kehityst\u00e4. Tehokasta k\u00e4ytt\u00f6ik\u00e4\u00e4 saadaan pidennetty\u00e4 ammattimaisen huoltomme avulla. Mik\u00e4li sylinteri\u00e4 ei kannata kunnostaa, valmistamme uuden asiakkaan niin halutessa.<\/p>\n<p>[\/et_pb_text][\/et_pb_column][et_pb_column type=&#8221;1_3&#8243; _builder_version=&#8221;4.16&#8243; _module_preset=&#8221;default&#8221; global_colors_info=&#8221;{}&#8221;][et_pb_text _builder_version=&#8221;4.16&#8243; _module_preset=&#8221;default&#8221; text_font=&#8221;Roboto|700|||||||&#8221; text_text_color=&#8221;#000000&#8243; text_font_size=&#8221;18px&#8221; text_line_height=&#8221;1.3em&#8221; global_colors_info=&#8221;{}&#8221;]<\/p>\n<p class=\"p1\">Miten sylinteri kunnostetaan?<\/p>\n<p>[\/et_pb_text][et_pb_text _builder_version=&#8221;4.16&#8243; _module_preset=&#8221;default&#8221; text_font=&#8221;Roboto|300|||||||&#8221; text_text_color=&#8221;#000000&#8243; text_font_size=&#8221;18px&#8221; text_line_height=&#8221;1.4em&#8221; global_colors_info=&#8221;{}&#8221;]<\/p>\n<div class=\"row col-md-11 col-lg-10 mx-auto column-container\">\n<div class=\"col-12 col-md-5 single-page-column match-height\">\n<p class=\"p1\">Kunnostus aloitetaan sylinterin purkamisella osiin. T\u00e4m\u00e4n j\u00e4lkeen tarkistamme kaikki osat, valokuvaamme ja dokumentoimme ne. Mik\u00e4li mahdollista, k\u00e4yt\u00e4mme k\u00e4ytt\u00f6kelpoiset osat uudelleen. T\u00e4m\u00e4 s\u00e4\u00e4st\u00e4\u00e4 aikaa ja kustannuksia.<\/p>\n<p class=\"p1\">Purkamisen j\u00e4lkeen suunnittelijamme tarkastaa uudelleenk\u00e4ytett\u00e4v\u00e4t osat ja tekee tarvittaessa uudet piirustukset sylinterist\u00e4 ja osista. Jotta mahdollisimman monia osia voitaisiin k\u00e4ytt\u00e4\u00e4 uudelleen, hiomme tiivistepinnat, kromaamme m\u00e4nn\u00e4nvarret ja teemme mahdolliset muutoksen asiakkaan toiveiden mukaan.<\/p>\n<\/div>\n<\/div>\n<p>[\/et_pb_text][\/et_pb_column][et_pb_column type=&#8221;1_3&#8243; _builder_version=&#8221;4.16&#8243; _module_preset=&#8221;default&#8221; global_colors_info=&#8221;{}&#8221;][et_pb_text _builder_version=&#8221;4.16&#8243; _module_preset=&#8221;default&#8221; text_font=&#8221;Roboto|300|||||||&#8221; text_text_color=&#8221;#000000&#8243; text_font_size=&#8221;18px&#8221; text_line_height=&#8221;1.4em&#8221; global_colors_info=&#8221;{}&#8221;]<\/p>\n<div class=\"col-12 col-md-5 single-page-column match-height\">\n<p class=\"p4\">Kun kaikkien osien tiivistyspinnat ovat toleranssissa ja m\u00e4nn\u00e4nvarsi on kromattu, kokoamme sylinterin uusilla tiivisteill\u00e4. T\u00e4m\u00e4n j\u00e4lkeen sylinteri maalataan uudelleen ja koeajetaan. Kunnostetun tuotteen mukana toimitetaan dokumentaatio ja ty\u00f6lle sek\u00e4 uusille osille my\u00f6nnet\u00e4\u00e4n takuu.<\/p>\n<p class=\"p1\"><b>\u221a\u00a0Sylinterin purku<\/b><\/p>\n<p class=\"p1\"><b>\u221a\u00a0Tarkastus ja piirustus<\/b><\/p>\n<p class=\"p1\"><b>\u221a\u00a0Tiivistepintojen hionta ja vaihto<\/b><\/p>\n<p class=\"p1\"><b>\u221a\u00a0Maalaus ja koeajo<\/b><span><\/span><\/p>\n<\/div>\n<p>[\/et_pb_text][\/et_pb_column][\/et_pb_row][\/et_pb_section]<\/p>\n","protected":false},"excerpt":{"rendered":"<p>Sylinterien kunnostusKunnostamme sylinterit valmistajasta riippumatta. Ennen kunnostusta tarkastamme sylinterin ja k\u00e4ymme sylinterin dokumentoidun kunnon l\u00e4pi yhdess\u00e4 asiakkaan kanssa. Ehdotamme tarvittaessa parannuksia ja teemme p\u00e4ivitykset sopimuksen mukaan.Miksi kunnostaa?Arcosin valmistamat sylinterit on suunniteltu palvelemaan pitk\u00e4\u00e4n. Hydraulisylinterin kunnostaminen on usein kustannustehokkaampaa kuin uuden rakentaminen. Se on my\u00f6s ymp\u00e4rist\u00f6yst\u00e4v\u00e4llist\u00e4 ja tukee kest\u00e4v\u00e4\u00e4 kehityst\u00e4. Tehokasta k\u00e4ytt\u00f6ik\u00e4\u00e4 saadaan pidennetty\u00e4 ammattimaisen huoltomme [&hellip;]<\/p>\n","protected":false},"author":5,"featured_media":0,"parent":0,"menu_order":0,"comment_status":"closed","ping_status":"closed","template":"","meta":{"_et_pb_use_builder":"on","_et_pb_old_content":"","_et_gb_content_width":"","footnotes":""},"class_list":["post-1907","page","type-page","status-publish","hentry"],"yoast_head":"<!-- This site is optimized with the Yoast SEO plugin v27.2 - https:\/\/yoast.com\/product\/yoast-seo-wordpress\/ -->\n<title>Sylinterien korjaus - ARCOS<\/title>\n<meta name=\"robots\" content=\"index, follow, max-snippet:-1, max-image-preview:large, max-video-preview:-1\" \/>\n<link rel=\"canonical\" href=\"https:\/\/arcos.se\/fi\/sylinterien-korjaus\/\" \/>\n<meta property=\"og:locale\" content=\"fi_FI\" \/>\n<meta property=\"og:type\" content=\"article\" \/>\n<meta property=\"og:title\" content=\"Sylinterien korjaus - ARCOS\" \/>\n<meta property=\"og:description\" content=\"Sylinterien kunnostusKunnostamme sylinterit valmistajasta riippumatta. Ennen kunnostusta tarkastamme sylinterin ja k\u00e4ymme sylinterin dokumentoidun kunnon l\u00e4pi yhdess\u00e4 asiakkaan kanssa. Ehdotamme tarvittaessa parannuksia ja teemme p\u00e4ivitykset sopimuksen mukaan.Miksi kunnostaa?Arcosin valmistamat sylinterit on suunniteltu palvelemaan pitk\u00e4\u00e4n. Hydraulisylinterin kunnostaminen on usein kustannustehokkaampaa kuin uuden rakentaminen. Se on my\u00f6s ymp\u00e4rist\u00f6yst\u00e4v\u00e4llist\u00e4 ja tukee kest\u00e4v\u00e4\u00e4 kehityst\u00e4. Tehokasta k\u00e4ytt\u00f6ik\u00e4\u00e4 saadaan pidennetty\u00e4 ammattimaisen huoltomme [&hellip;]\" \/>\n<meta property=\"og:url\" content=\"https:\/\/arcos.se\/fi\/sylinterien-korjaus\/\" \/>\n<meta property=\"og:site_name\" content=\"ARCOS\" \/>\n<meta property=\"article:modified_time\" content=\"2024-10-31T09:54:06+00:00\" \/>\n<meta name=\"twitter:card\" content=\"summary_large_image\" \/>\n<meta name=\"twitter:label1\" content=\"Arvioitu lukuaika\" \/>\n\t<meta name=\"twitter:data1\" content=\"4 minuuttia\" \/>\n<script type=\"application\/ld+json\" class=\"yoast-schema-graph\">{\"@context\":\"https:\/\/schema.org\",\"@graph\":[{\"@type\":\"WebPage\",\"@id\":\"https:\/\/arcos.se\/fi\/sylinterien-korjaus\/\",\"url\":\"https:\/\/arcos.se\/fi\/sylinterien-korjaus\/\",\"name\":\"Sylinterien korjaus - ARCOS\",\"isPartOf\":{\"@id\":\"https:\/\/arcos.se\/fi\/#website\"},\"datePublished\":\"2021-12-13T14:07:42+00:00\",\"dateModified\":\"2024-10-31T09:54:06+00:00\",\"breadcrumb\":{\"@id\":\"https:\/\/arcos.se\/fi\/sylinterien-korjaus\/#breadcrumb\"},\"inLanguage\":\"fi\",\"potentialAction\":[{\"@type\":\"ReadAction\",\"target\":[\"https:\/\/arcos.se\/fi\/sylinterien-korjaus\/\"]}]},{\"@type\":\"BreadcrumbList\",\"@id\":\"https:\/\/arcos.se\/fi\/sylinterien-korjaus\/#breadcrumb\",\"itemListElement\":[{\"@type\":\"ListItem\",\"position\":1,\"name\":\"Hem\",\"item\":\"https:\/\/arcos.se\/fi\/\"},{\"@type\":\"ListItem\",\"position\":2,\"name\":\"Sylinterien korjaus\"}]},{\"@type\":\"WebSite\",\"@id\":\"https:\/\/arcos.se\/fi\/#website\",\"url\":\"https:\/\/arcos.se\/fi\/\",\"name\":\"ARCOS\",\"description\":\"HYDRAULIC POWER \u2013 AT YOUR SERVICE\",\"publisher\":{\"@id\":\"https:\/\/arcos.se\/fi\/#organization\"},\"potentialAction\":[{\"@type\":\"SearchAction\",\"target\":{\"@type\":\"EntryPoint\",\"urlTemplate\":\"https:\/\/arcos.se\/fi\/?s={search_term_string}\"},\"query-input\":{\"@type\":\"PropertyValueSpecification\",\"valueRequired\":true,\"valueName\":\"search_term_string\"}}],\"inLanguage\":\"fi\"},{\"@type\":\"Organization\",\"@id\":\"https:\/\/arcos.se\/fi\/#organization\",\"name\":\"ARCOS\",\"url\":\"https:\/\/arcos.se\/fi\/\",\"logo\":{\"@type\":\"ImageObject\",\"inLanguage\":\"fi\",\"@id\":\"https:\/\/arcos.se\/fi\/#\/schema\/logo\/image\/\",\"url\":\"https:\/\/arcos.se\/wp-content\/uploads\/2021\/12\/Arcos-Original-1.png\",\"contentUrl\":\"https:\/\/arcos.se\/wp-content\/uploads\/2021\/12\/Arcos-Original-1.png\",\"width\":842,\"height\":391,\"caption\":\"ARCOS\"},\"image\":{\"@id\":\"https:\/\/arcos.se\/fi\/#\/schema\/logo\/image\/\"},\"sameAs\":[\"https:\/\/www.linkedin.com\/company\/arcos-hydraulik-ab\/\"]}]}<\/script>\n<!-- \/ Yoast SEO plugin. -->","yoast_head_json":{"title":"Sylinterien korjaus - ARCOS","robots":{"index":"index","follow":"follow","max-snippet":"max-snippet:-1","max-image-preview":"max-image-preview:large","max-video-preview":"max-video-preview:-1"},"canonical":"https:\/\/arcos.se\/fi\/sylinterien-korjaus\/","og_locale":"fi_FI","og_type":"article","og_title":"Sylinterien korjaus - ARCOS","og_description":"Sylinterien kunnostusKunnostamme sylinterit valmistajasta riippumatta. Ennen kunnostusta tarkastamme sylinterin ja k\u00e4ymme sylinterin dokumentoidun kunnon l\u00e4pi yhdess\u00e4 asiakkaan kanssa. Ehdotamme tarvittaessa parannuksia ja teemme p\u00e4ivitykset sopimuksen mukaan.Miksi kunnostaa?Arcosin valmistamat sylinterit on suunniteltu palvelemaan pitk\u00e4\u00e4n. Hydraulisylinterin kunnostaminen on usein kustannustehokkaampaa kuin uuden rakentaminen. Se on my\u00f6s ymp\u00e4rist\u00f6yst\u00e4v\u00e4llist\u00e4 ja tukee kest\u00e4v\u00e4\u00e4 kehityst\u00e4. Tehokasta k\u00e4ytt\u00f6ik\u00e4\u00e4 saadaan pidennetty\u00e4 ammattimaisen huoltomme [&hellip;]","og_url":"https:\/\/arcos.se\/fi\/sylinterien-korjaus\/","og_site_name":"ARCOS","article_modified_time":"2024-10-31T09:54:06+00:00","twitter_card":"summary_large_image","twitter_misc":{"Arvioitu lukuaika":"4 minuuttia"},"schema":{"@context":"https:\/\/schema.org","@graph":[{"@type":"WebPage","@id":"https:\/\/arcos.se\/fi\/sylinterien-korjaus\/","url":"https:\/\/arcos.se\/fi\/sylinterien-korjaus\/","name":"Sylinterien korjaus - ARCOS","isPartOf":{"@id":"https:\/\/arcos.se\/fi\/#website"},"datePublished":"2021-12-13T14:07:42+00:00","dateModified":"2024-10-31T09:54:06+00:00","breadcrumb":{"@id":"https:\/\/arcos.se\/fi\/sylinterien-korjaus\/#breadcrumb"},"inLanguage":"fi","potentialAction":[{"@type":"ReadAction","target":["https:\/\/arcos.se\/fi\/sylinterien-korjaus\/"]}]},{"@type":"BreadcrumbList","@id":"https:\/\/arcos.se\/fi\/sylinterien-korjaus\/#breadcrumb","itemListElement":[{"@type":"ListItem","position":1,"name":"Hem","item":"https:\/\/arcos.se\/fi\/"},{"@type":"ListItem","position":2,"name":"Sylinterien korjaus"}]},{"@type":"WebSite","@id":"https:\/\/arcos.se\/fi\/#website","url":"https:\/\/arcos.se\/fi\/","name":"ARCOS","description":"HYDRAULIC POWER \u2013 AT YOUR SERVICE","publisher":{"@id":"https:\/\/arcos.se\/fi\/#organization"},"potentialAction":[{"@type":"SearchAction","target":{"@type":"EntryPoint","urlTemplate":"https:\/\/arcos.se\/fi\/?s={search_term_string}"},"query-input":{"@type":"PropertyValueSpecification","valueRequired":true,"valueName":"search_term_string"}}],"inLanguage":"fi"},{"@type":"Organization","@id":"https:\/\/arcos.se\/fi\/#organization","name":"ARCOS","url":"https:\/\/arcos.se\/fi\/","logo":{"@type":"ImageObject","inLanguage":"fi","@id":"https:\/\/arcos.se\/fi\/#\/schema\/logo\/image\/","url":"https:\/\/arcos.se\/wp-content\/uploads\/2021\/12\/Arcos-Original-1.png","contentUrl":"https:\/\/arcos.se\/wp-content\/uploads\/2021\/12\/Arcos-Original-1.png","width":842,"height":391,"caption":"ARCOS"},"image":{"@id":"https:\/\/arcos.se\/fi\/#\/schema\/logo\/image\/"},"sameAs":["https:\/\/www.linkedin.com\/company\/arcos-hydraulik-ab\/"]}]}},"_links":{"self":[{"href":"https:\/\/arcos.se\/fi\/wp-json\/wp\/v2\/pages\/1907","targetHints":{"allow":["GET"]}}],"collection":[{"href":"https:\/\/arcos.se\/fi\/wp-json\/wp\/v2\/pages"}],"about":[{"href":"https:\/\/arcos.se\/fi\/wp-json\/wp\/v2\/types\/page"}],"author":[{"embeddable":true,"href":"https:\/\/arcos.se\/fi\/wp-json\/wp\/v2\/users\/5"}],"replies":[{"embeddable":true,"href":"https:\/\/arcos.se\/fi\/wp-json\/wp\/v2\/comments?post=1907"}],"version-history":[{"count":10,"href":"https:\/\/arcos.se\/fi\/wp-json\/wp\/v2\/pages\/1907\/revisions"}],"predecessor-version":[{"id":6201,"href":"https:\/\/arcos.se\/fi\/wp-json\/wp\/v2\/pages\/1907\/revisions\/6201"}],"wp:attachment":[{"href":"https:\/\/arcos.se\/fi\/wp-json\/wp\/v2\/media?parent=1907"}],"curies":[{"name":"wp","href":"https:\/\/api.w.org\/{rel}","templated":true}]}}