{"id":1886,"date":"2021-12-13T11:07:47","date_gmt":"2021-12-13T11:07:47","guid":{"rendered":"https:\/\/arcos.flywheelsites.com\/?page_id=1886"},"modified":"2022-09-26T07:08:01","modified_gmt":"2022-09-26T07:08:01","slug":"suunnittelu","status":"publish","type":"page","link":"https:\/\/arcos.se\/fi\/suunnittelu\/","title":{"rendered":"Suunnittelu"},"content":{"rendered":"<p>[et_pb_section fb_built=&#8221;1&#8243; fullwidth=&#8221;on&#8221; disabled_on=&#8221;on|off|off&#8221; _builder_version=&#8221;4.13.1&#8243; _module_preset=&#8221;default&#8221; saved_tabs=&#8221;all&#8221; global_colors_info=&#8221;{}&#8221;][et_pb_fullwidth_slider _builder_version=&#8221;4.14.4&#8243; _module_preset=&#8221;default&#8221; header_font=&#8221;Roboto|300|||||||&#8221; header_font_size=&#8221;69px&#8221; background_color_gradient_start=&#8221;#000000&#8243; background_color_gradient_end=&#8221;rgba(255,255,255,0)&#8221; background_color_gradient_direction=&#8221;79deg&#8221; background_image=&#8221;https:\/\/arcos.se\/wp-content\/uploads\/2022\/01\/design-2.png&#8221; module_alignment=&#8221;center&#8221; min_height=&#8221;500px&#8221; height=&#8221;500px&#8221; max_height=&#8221;500px&#8221; custom_padding=&#8221;230px||||false|false&#8221; global_colors_info=&#8221;{}&#8221;][et_pb_slide heading=&#8221;Suunnittelu&#8221; _builder_version=&#8221;4.14.4&#8243; _module_preset=&#8221;default&#8221; header_text_align=&#8221;left&#8221; header_font_size=&#8221;58px&#8221; body_font=&#8221;Roboto||||||||&#8221; body_text_align=&#8221;left&#8221; body_font_size=&#8221;18px&#8221; body_line_height=&#8221;1.4em&#8221; width=&#8221;58%&#8221; global_colors_info=&#8221;{}&#8221; sticky_transition=&#8221;on&#8221;][\/et_pb_slide][\/et_pb_fullwidth_slider][\/et_pb_section][et_pb_section fb_built=&#8221;1&#8243; fullwidth=&#8221;on&#8221; disabled_on=&#8221;off|on|on&#8221; _builder_version=&#8221;4.14.0&#8243; _module_preset=&#8221;default&#8221; background_image=&#8221;https:\/\/arcos.se\/wp-content\/uploads\/2021\/12\/reservdel_arcos_blue.png&#8221; saved_tabs=&#8221;all&#8221; global_colors_info=&#8221;{}&#8221;][et_pb_fullwidth_slider _builder_version=&#8221;4.14.4&#8243; _module_preset=&#8221;default&#8221; header_font=&#8221;Roboto|300|||||||&#8221; header_font_size=&#8221;69px&#8221; background_color=&#8221;RGBA(255,255,255,0)&#8221; background_color_gradient_start=&#8221;#000000&#8243; background_color_gradient_end=&#8221;rgba(255,255,255,0)&#8221; background_color_gradient_direction=&#8221;89deg&#8221; background_image=&#8221;https:\/\/arcos.se\/wp-content\/uploads\/2022\/01\/design-2.png&#8221; background_position=&#8221;top_center&#8221; module_alignment=&#8221;center&#8221; min_height=&#8221;500px&#8221; height=&#8221;500px&#8221; max_height=&#8221;500px&#8221; global_colors_info=&#8221;{}&#8221;][et_pb_slide heading=&#8221;Suunnittelu&#8221; _builder_version=&#8221;4.14.4&#8243; _module_preset=&#8221;default&#8221; header_text_align=&#8221;left&#8221; header_font_size=&#8221;36px&#8221; body_text_align=&#8221;left&#8221; body_line_height=&#8221;1.5em&#8221; global_colors_info=&#8221;{}&#8221; sticky_transition=&#8221;on&#8221;][\/et_pb_slide][\/et_pb_fullwidth_slider][\/et_pb_section][et_pb_section fb_built=&#8221;1&#8243; _builder_version=&#8221;4.14.2&#8243; _module_preset=&#8221;default&#8221; custom_padding=&#8221;26px||||false|false&#8221; global_colors_info=&#8221;{}&#8221;][et_pb_row column_structure=&#8221;2_3,1_3&#8243; _builder_version=&#8221;4.14.0&#8243; _module_preset=&#8221;default&#8221; global_colors_info=&#8221;{}&#8221;][et_pb_column type=&#8221;2_3&#8243; _builder_version=&#8221;4.14.0&#8243; _module_preset=&#8221;default&#8221; global_colors_info=&#8221;{}&#8221;][et_pb_text _builder_version=&#8221;4.14.4&#8243; _module_preset=&#8221;default&#8221; text_font=&#8221;Roboto|300|||||||&#8221; text_text_color=&#8221;#212121&#8243; text_font_size=&#8221;32px&#8221; header_font=&#8221;Roboto|300|||||||&#8221; header_font_size=&#8221;35px&#8221; min_height=&#8221;46px&#8221; global_colors_info=&#8221;{}&#8221;]<\/p>\n<p class=\"p1\">Suunnittelutiimi<\/p>\n<p>[\/et_pb_text][et_pb_text _builder_version=&#8221;4.14.4&#8243; _module_preset=&#8221;default&#8221; text_font=&#8221;Roboto|300|||||||&#8221; text_text_color=&#8221;#212121&#8243; text_font_size=&#8221;18px&#8221; global_colors_info=&#8221;{}&#8221;]<\/p>\n<p class=\"p1\">Arcos suuntaa voimavaransa asiakaskohtaisiin, vaativiin sylintereihin, joiden valmistaminen vaatii erityisosaamista. Olemme alan vahva toimija uusien sylintereiden kehitt\u00e4misess\u00e4 yhdess\u00e4 asiakkaiden kanssa.<\/p>\n<p class=\"p1\">Suunnittelutiimi ty\u00f6skentelee yhteisty\u00f6ss\u00e4 tuotannon kanssa luoden ja parantaen valmistamiamme ja kunnostamiamme sylintereit\u00e4. Voidaksemme aloittaa sylinterin kehitt\u00e4misen, suunnittelijoidemme on tiedett\u00e4v\u00e4 tuotteen asennusmitat ja aiottu k\u00e4ytt\u00f6alue. N\u00e4iden tietojen perusteella asiakkaalle voidaan ehdottaa kohteeseen sopivaa sylinteri\u00e4. Piirustukset, asiakirjat ja suunnitelmat tallennetaan j\u00e4rjestelm\u00e4\u00e4mme ja toimitetaan asiakkaalle toimituksen j\u00e4lkeen.<\/p>\n<p class=\"p1\">Suunnittelun yhteydess\u00e4 voidaan valita my\u00f6s laakeri- ja tiivistetyypit, jotka soveltuvat k\u00e4ytt\u00f6kohteen vaatimusten mukaan \u2013 mm. v\u00e4liaine, l\u00e4mp\u00f6tila ja kitka.<\/p>\n<p>[\/et_pb_text][\/et_pb_column][et_pb_column type=&#8221;1_3&#8243; _builder_version=&#8221;4.14.0&#8243; _module_preset=&#8221;default&#8221; global_colors_info=&#8221;{}&#8221;][\/et_pb_column][\/et_pb_row][\/et_pb_section][et_pb_section fb_built=&#8221;1&#8243; fullwidth=&#8221;on&#8221; _builder_version=&#8221;4.14.2&#8243; _module_preset=&#8221;default&#8221; global_colors_info=&#8221;{}&#8221;][et_pb_fullwidth_image src=&#8221;https:\/\/arcos.se\/wp-content\/uploads\/2021\/12\/konstruktionsteamet.jpeg&#8221; title_text=&#8221;konstruktionsteamet&#8221; _builder_version=&#8221;4.14.4&#8243; _module_preset=&#8221;default&#8221; global_colors_info=&#8221;{}&#8221;][\/et_pb_fullwidth_image][\/et_pb_section][et_pb_section fb_built=&#8221;1&#8243; admin_label=&#8221;Service Section&#8221; _builder_version=&#8221;4.14.4&#8243; background_color=&#8221;RGBA(0,0,0,0)&#8221; background_color_gradient_start=&#8221;rgba(0,0,0,0.24)&#8221; background_color_gradient_end=&#8221;rgba(255,255,255,0)&#8221; background_image=&#8221;https:\/\/arcos.se\/wp-content\/uploads\/2021\/12\/arcos_background_darkblue.png&#8221; custom_padding=&#8221;32px|0px|103px|0px||&#8221; global_colors_info=&#8221;{}&#8221;][et_pb_row column_structure=&#8221;2_3,1_3&#8243; _builder_version=&#8221;4.13.1&#8243; _module_preset=&#8221;default&#8221; custom_padding=&#8221;||0px|||&#8221; global_colors_info=&#8221;{}&#8221;][et_pb_column type=&#8221;2_3&#8243; _builder_version=&#8221;4.13.1&#8243; _module_preset=&#8221;default&#8221; global_colors_info=&#8221;{}&#8221;][et_pb_text _builder_version=&#8221;4.14.4&#8243; _module_preset=&#8221;default&#8221; text_font=&#8221;Roboto|300|||||||&#8221; text_text_color=&#8221;#FFFFFF&#8221; text_font_size=&#8221;32px&#8221; text_line_height=&#8221;1.2em&#8221; header_font=&#8221;Roboto|300|||||||&#8221; header_font_size=&#8221;35px&#8221; min_height=&#8221;46px&#8221; global_colors_info=&#8221;{}&#8221;]<\/p>\n<p class=\"p1\">Suunnittelu mukana korjaust\u00f6iss\u00e4<\/p>\n<p>[\/et_pb_text][\/et_pb_column][et_pb_column type=&#8221;1_3&#8243; _builder_version=&#8221;4.13.1&#8243; _module_preset=&#8221;default&#8221; global_colors_info=&#8221;{}&#8221;][\/et_pb_column][\/et_pb_row][et_pb_row column_structure=&#8221;2_3,1_3&#8243; _builder_version=&#8221;4.13.1&#8243; _module_preset=&#8221;default&#8221; animation_style=&#8221;fade&#8221; global_colors_info=&#8221;{}&#8221;][et_pb_column type=&#8221;2_3&#8243; _builder_version=&#8221;4.13.1&#8243; _module_preset=&#8221;default&#8221; global_colors_info=&#8221;{}&#8221;][et_pb_text _builder_version=&#8221;4.14.4&#8243; _module_preset=&#8221;default&#8221; text_font=&#8221;Roboto||||||||&#8221; text_text_color=&#8221;#FFFFFF&#8221; text_font_size=&#8221;18px&#8221; text_line_height=&#8221;1.4em&#8221; global_colors_info=&#8221;{}&#8221;]<\/p>\n<p class=\"p1\">Kun sylinteri tulee korjattavaksi, suunnittelijamme k\u00e4y l\u00e4pi koko sylinterin ja valitsee uudelleenk\u00e4ytett\u00e4v\u00e4t osat, r\u00e4\u00e4t\u00e4l\u00f6i sylinterin tarpeiden mukaiseksi sek\u00e4 ehdottaa asiakkaalle mahdollisia parannuksia.<\/p>\n<p>[\/et_pb_text][\/et_pb_column][et_pb_column type=&#8221;1_3&#8243; _builder_version=&#8221;4.13.1&#8243; _module_preset=&#8221;default&#8221; global_colors_info=&#8221;{}&#8221;][\/et_pb_column][\/et_pb_row][\/et_pb_section][et_pb_section fb_built=&#8221;1&#8243; admin_label=&#8221;Service Section&#8221; _builder_version=&#8221;4.14.0&#8243; background_color=&#8221;#FFFFFF&#8221; background_color_gradient_start=&#8221;#003764&#8243; background_color_gradient_end=&#8221;#84ccd6&#8243; background_enable_image=&#8221;off&#8221; custom_padding=&#8221;105px|0px|103px|0px||&#8221; global_colors_info=&#8221;{}&#8221;][et_pb_row _builder_version=&#8221;4.13.1&#8243; _module_preset=&#8221;default&#8221; custom_padding=&#8221;||0px|||&#8221; global_colors_info=&#8221;{}&#8221;][et_pb_column type=&#8221;4_4&#8243; _builder_version=&#8221;4.13.1&#8243; _module_preset=&#8221;default&#8221; global_colors_info=&#8221;{}&#8221;][et_pb_text _builder_version=&#8221;4.14.0&#8243; _module_preset=&#8221;default&#8221; text_font=&#8221;Roboto|300|||||||&#8221; text_text_color=&#8221;#212121&#8243; text_font_size=&#8221;36px&#8221; header_font=&#8221;Roboto|300|||||||&#8221; header_font_size=&#8221;35px&#8221; min_height=&#8221;46px&#8221; global_colors_info=&#8221;{}&#8221;]<\/p>\n<p style=\"text-align: center\">Solid Components<\/p>\n<p>[\/et_pb_text][\/et_pb_column][\/et_pb_row][et_pb_row column_structure=&#8221;1_3,1_3,1_3&#8243; _builder_version=&#8221;4.14.0&#8243; _module_preset=&#8221;default&#8221; animation_style=&#8221;fade&#8221; global_colors_info=&#8221;{}&#8221;][et_pb_column type=&#8221;1_3&#8243; _builder_version=&#8221;4.13.1&#8243; _module_preset=&#8221;default&#8221; global_colors_info=&#8221;{}&#8221;][\/et_pb_column][et_pb_column type=&#8221;1_3&#8243; _builder_version=&#8221;4.13.1&#8243; _module_preset=&#8221;default&#8221; global_colors_info=&#8221;{}&#8221;][et_pb_text _builder_version=&#8221;4.14.4&#8243; _module_preset=&#8221;default&#8221; text_font=&#8221;Roboto||||||||&#8221; text_text_color=&#8221;#212121&#8243; text_font_size=&#8221;18px&#8221; text_line_height=&#8221;1.4em&#8221; global_colors_info=&#8221;{}&#8221;]<\/p>\n<p class=\"p1\" style=\"text-align: center;\">Jos k\u00e4yt\u00e4t Solid Components -ohjelmaa, klikkaa alla olevaa linkki\u00e4 hy\u00f6dynt\u00e4\u00e4ksesi vakiomallisia sylintereit\u00e4mme suunnitelmissasi.<\/p>\n<p>[\/et_pb_text][et_pb_button button_url=&#8221;https:\/\/www.solidcomponents.com\/?company=SCCWI38BV&#038;office=179&#038;page=58220&#8243; url_new_window=&#8221;on&#8221; button_text=&#8221;Perussylinteri (klikkaa)&#8221; button_alignment=&#8221;center&#8221; _builder_version=&#8221;4.14.4&#8243; _module_preset=&#8221;default&#8221; global_colors_info=&#8221;{}&#8221;][\/et_pb_button][\/et_pb_column][et_pb_column type=&#8221;1_3&#8243; _builder_version=&#8221;4.13.1&#8243; _module_preset=&#8221;default&#8221; global_colors_info=&#8221;{}&#8221;][\/et_pb_column][\/et_pb_row][\/et_pb_section]<\/p>\n","protected":false},"excerpt":{"rendered":"<p>SuunnittelutiimiArcos suuntaa voimavaransa asiakaskohtaisiin, vaativiin sylintereihin, joiden valmistaminen vaatii erityisosaamista. Olemme alan vahva toimija uusien sylintereiden kehitt\u00e4misess\u00e4 yhdess\u00e4 asiakkaiden kanssa. Suunnittelutiimi ty\u00f6skentelee yhteisty\u00f6ss\u00e4 tuotannon kanssa luoden ja parantaen valmistamiamme ja kunnostamiamme sylintereit\u00e4. Voidaksemme aloittaa sylinterin kehitt\u00e4misen, suunnittelijoidemme on tiedett\u00e4v\u00e4 tuotteen asennusmitat ja aiottu k\u00e4ytt\u00f6alue. N\u00e4iden tietojen perusteella asiakkaalle voidaan ehdottaa kohteeseen sopivaa sylinteri\u00e4. Piirustukset, asiakirjat [&hellip;]<\/p>\n","protected":false},"author":5,"featured_media":0,"parent":0,"menu_order":0,"comment_status":"closed","ping_status":"closed","template":"","meta":{"_et_pb_use_builder":"on","_et_pb_old_content":"","_et_gb_content_width":"","footnotes":""},"class_list":["post-1886","page","type-page","status-publish","hentry"],"yoast_head":"<!-- This site is optimized with the Yoast SEO plugin v27.5 - https:\/\/yoast.com\/product\/yoast-seo-wordpress\/ -->\n<title>Suunnittelu - ARCOS<\/title>\n<meta name=\"robots\" content=\"index, follow, max-snippet:-1, max-image-preview:large, max-video-preview:-1\" \/>\n<link rel=\"canonical\" href=\"https:\/\/arcos.se\/fi\/suunnittelu\/\" \/>\n<meta property=\"og:locale\" content=\"fi_FI\" \/>\n<meta property=\"og:type\" content=\"article\" \/>\n<meta property=\"og:title\" content=\"Suunnittelu - ARCOS\" \/>\n<meta property=\"og:description\" content=\"SuunnittelutiimiArcos suuntaa voimavaransa asiakaskohtaisiin, vaativiin sylintereihin, joiden valmistaminen vaatii erityisosaamista. Olemme alan vahva toimija uusien sylintereiden kehitt\u00e4misess\u00e4 yhdess\u00e4 asiakkaiden kanssa. Suunnittelutiimi ty\u00f6skentelee yhteisty\u00f6ss\u00e4 tuotannon kanssa luoden ja parantaen valmistamiamme ja kunnostamiamme sylintereit\u00e4. Voidaksemme aloittaa sylinterin kehitt\u00e4misen, suunnittelijoidemme on tiedett\u00e4v\u00e4 tuotteen asennusmitat ja aiottu k\u00e4ytt\u00f6alue. N\u00e4iden tietojen perusteella asiakkaalle voidaan ehdottaa kohteeseen sopivaa sylinteri\u00e4. Piirustukset, asiakirjat [&hellip;]\" \/>\n<meta property=\"og:url\" content=\"https:\/\/arcos.se\/fi\/suunnittelu\/\" \/>\n<meta property=\"og:site_name\" content=\"ARCOS\" \/>\n<meta property=\"article:modified_time\" content=\"2022-09-26T07:08:01+00:00\" \/>\n<meta name=\"twitter:card\" content=\"summary_large_image\" \/>\n<meta name=\"twitter:label1\" content=\"Arvioitu lukuaika\" \/>\n\t<meta name=\"twitter:data1\" content=\"5 minuuttia\" \/>\n<script type=\"application\/ld+json\" class=\"yoast-schema-graph\">{\"@context\":\"https:\\\/\\\/schema.org\",\"@graph\":[{\"@type\":\"WebPage\",\"@id\":\"https:\\\/\\\/arcos.se\\\/fi\\\/suunnittelu\\\/\",\"url\":\"https:\\\/\\\/arcos.se\\\/fi\\\/suunnittelu\\\/\",\"name\":\"Suunnittelu - ARCOS\",\"isPartOf\":{\"@id\":\"https:\\\/\\\/arcos.se\\\/fi\\\/#website\"},\"datePublished\":\"2021-12-13T11:07:47+00:00\",\"dateModified\":\"2022-09-26T07:08:01+00:00\",\"breadcrumb\":{\"@id\":\"https:\\\/\\\/arcos.se\\\/fi\\\/suunnittelu\\\/#breadcrumb\"},\"inLanguage\":\"fi\",\"potentialAction\":[{\"@type\":\"ReadAction\",\"target\":[\"https:\\\/\\\/arcos.se\\\/fi\\\/suunnittelu\\\/\"]}]},{\"@type\":\"BreadcrumbList\",\"@id\":\"https:\\\/\\\/arcos.se\\\/fi\\\/suunnittelu\\\/#breadcrumb\",\"itemListElement\":[{\"@type\":\"ListItem\",\"position\":1,\"name\":\"Hem\",\"item\":\"https:\\\/\\\/arcos.se\\\/fi\\\/\"},{\"@type\":\"ListItem\",\"position\":2,\"name\":\"Suunnittelu\"}]},{\"@type\":\"WebSite\",\"@id\":\"https:\\\/\\\/arcos.se\\\/fi\\\/#website\",\"url\":\"https:\\\/\\\/arcos.se\\\/fi\\\/\",\"name\":\"ARCOS\",\"description\":\"HYDRAULIC POWER \u2013 AT YOUR SERVICE\",\"publisher\":{\"@id\":\"https:\\\/\\\/arcos.se\\\/fi\\\/#organization\"},\"potentialAction\":[{\"@type\":\"SearchAction\",\"target\":{\"@type\":\"EntryPoint\",\"urlTemplate\":\"https:\\\/\\\/arcos.se\\\/fi\\\/?s={search_term_string}\"},\"query-input\":{\"@type\":\"PropertyValueSpecification\",\"valueRequired\":true,\"valueName\":\"search_term_string\"}}],\"inLanguage\":\"fi\"},{\"@type\":\"Organization\",\"@id\":\"https:\\\/\\\/arcos.se\\\/fi\\\/#organization\",\"name\":\"ARCOS\",\"url\":\"https:\\\/\\\/arcos.se\\\/fi\\\/\",\"logo\":{\"@type\":\"ImageObject\",\"inLanguage\":\"fi\",\"@id\":\"https:\\\/\\\/arcos.se\\\/fi\\\/#\\\/schema\\\/logo\\\/image\\\/\",\"url\":\"https:\\\/\\\/arcos.se\\\/wp-content\\\/uploads\\\/2021\\\/12\\\/Arcos-Original-1.png\",\"contentUrl\":\"https:\\\/\\\/arcos.se\\\/wp-content\\\/uploads\\\/2021\\\/12\\\/Arcos-Original-1.png\",\"width\":842,\"height\":391,\"caption\":\"ARCOS\"},\"image\":{\"@id\":\"https:\\\/\\\/arcos.se\\\/fi\\\/#\\\/schema\\\/logo\\\/image\\\/\"},\"sameAs\":[\"https:\\\/\\\/www.linkedin.com\\\/company\\\/arcos-hydraulik-ab\\\/\"]}]}<\/script>\n<!-- \/ Yoast SEO plugin. -->","yoast_head_json":{"title":"Suunnittelu - ARCOS","robots":{"index":"index","follow":"follow","max-snippet":"max-snippet:-1","max-image-preview":"max-image-preview:large","max-video-preview":"max-video-preview:-1"},"canonical":"https:\/\/arcos.se\/fi\/suunnittelu\/","og_locale":"fi_FI","og_type":"article","og_title":"Suunnittelu - ARCOS","og_description":"SuunnittelutiimiArcos suuntaa voimavaransa asiakaskohtaisiin, vaativiin sylintereihin, joiden valmistaminen vaatii erityisosaamista. Olemme alan vahva toimija uusien sylintereiden kehitt\u00e4misess\u00e4 yhdess\u00e4 asiakkaiden kanssa. Suunnittelutiimi ty\u00f6skentelee yhteisty\u00f6ss\u00e4 tuotannon kanssa luoden ja parantaen valmistamiamme ja kunnostamiamme sylintereit\u00e4. Voidaksemme aloittaa sylinterin kehitt\u00e4misen, suunnittelijoidemme on tiedett\u00e4v\u00e4 tuotteen asennusmitat ja aiottu k\u00e4ytt\u00f6alue. N\u00e4iden tietojen perusteella asiakkaalle voidaan ehdottaa kohteeseen sopivaa sylinteri\u00e4. Piirustukset, asiakirjat [&hellip;]","og_url":"https:\/\/arcos.se\/fi\/suunnittelu\/","og_site_name":"ARCOS","article_modified_time":"2022-09-26T07:08:01+00:00","twitter_card":"summary_large_image","twitter_misc":{"Arvioitu lukuaika":"5 minuuttia"},"schema":{"@context":"https:\/\/schema.org","@graph":[{"@type":"WebPage","@id":"https:\/\/arcos.se\/fi\/suunnittelu\/","url":"https:\/\/arcos.se\/fi\/suunnittelu\/","name":"Suunnittelu - ARCOS","isPartOf":{"@id":"https:\/\/arcos.se\/fi\/#website"},"datePublished":"2021-12-13T11:07:47+00:00","dateModified":"2022-09-26T07:08:01+00:00","breadcrumb":{"@id":"https:\/\/arcos.se\/fi\/suunnittelu\/#breadcrumb"},"inLanguage":"fi","potentialAction":[{"@type":"ReadAction","target":["https:\/\/arcos.se\/fi\/suunnittelu\/"]}]},{"@type":"BreadcrumbList","@id":"https:\/\/arcos.se\/fi\/suunnittelu\/#breadcrumb","itemListElement":[{"@type":"ListItem","position":1,"name":"Hem","item":"https:\/\/arcos.se\/fi\/"},{"@type":"ListItem","position":2,"name":"Suunnittelu"}]},{"@type":"WebSite","@id":"https:\/\/arcos.se\/fi\/#website","url":"https:\/\/arcos.se\/fi\/","name":"ARCOS","description":"HYDRAULIC POWER \u2013 AT YOUR SERVICE","publisher":{"@id":"https:\/\/arcos.se\/fi\/#organization"},"potentialAction":[{"@type":"SearchAction","target":{"@type":"EntryPoint","urlTemplate":"https:\/\/arcos.se\/fi\/?s={search_term_string}"},"query-input":{"@type":"PropertyValueSpecification","valueRequired":true,"valueName":"search_term_string"}}],"inLanguage":"fi"},{"@type":"Organization","@id":"https:\/\/arcos.se\/fi\/#organization","name":"ARCOS","url":"https:\/\/arcos.se\/fi\/","logo":{"@type":"ImageObject","inLanguage":"fi","@id":"https:\/\/arcos.se\/fi\/#\/schema\/logo\/image\/","url":"https:\/\/arcos.se\/wp-content\/uploads\/2021\/12\/Arcos-Original-1.png","contentUrl":"https:\/\/arcos.se\/wp-content\/uploads\/2021\/12\/Arcos-Original-1.png","width":842,"height":391,"caption":"ARCOS"},"image":{"@id":"https:\/\/arcos.se\/fi\/#\/schema\/logo\/image\/"},"sameAs":["https:\/\/www.linkedin.com\/company\/arcos-hydraulik-ab\/"]}]}},"_links":{"self":[{"href":"https:\/\/arcos.se\/fi\/wp-json\/wp\/v2\/pages\/1886","targetHints":{"allow":["GET"]}}],"collection":[{"href":"https:\/\/arcos.se\/fi\/wp-json\/wp\/v2\/pages"}],"about":[{"href":"https:\/\/arcos.se\/fi\/wp-json\/wp\/v2\/types\/page"}],"author":[{"embeddable":true,"href":"https:\/\/arcos.se\/fi\/wp-json\/wp\/v2\/users\/5"}],"replies":[{"embeddable":true,"href":"https:\/\/arcos.se\/fi\/wp-json\/wp\/v2\/comments?post=1886"}],"version-history":[{"count":10,"href":"https:\/\/arcos.se\/fi\/wp-json\/wp\/v2\/pages\/1886\/revisions"}],"predecessor-version":[{"id":4556,"href":"https:\/\/arcos.se\/fi\/wp-json\/wp\/v2\/pages\/1886\/revisions\/4556"}],"wp:attachment":[{"href":"https:\/\/arcos.se\/fi\/wp-json\/wp\/v2\/media?parent=1886"}],"curies":[{"name":"wp","href":"https:\/\/api.w.org\/{rel}","templated":true}]}}